{"id":3918,"date":"2023-11-02T17:51:33","date_gmt":"2023-11-02T17:51:33","guid":{"rendered":"https:\/\/www.aohq.ca\/congres-2023\/"},"modified":"2023-11-13T15:01:12","modified_gmt":"2023-11-13T15:01:12","slug":"congress-2023","status":"publish","type":"page","link":"https:\/\/aohq.366technology.com\/en\/congress-2023\/","title":{"rendered":"Congress 2023"},"content":{"rendered":"<div style=\"color: #0f2c56; text-align: center;\">\n<h2 style=\"text-align: center; color: #0f2c56; margin-bottom: 0; font-weight: bold;\">AOH Stronger Together<\/h2>\n<h1 style=\"margin-top: 0px; color: #0f2c56; text-align: center; display: block; font-weight: normal;\"><strong>Education Day 2023<\/strong><\/h1>\n<p style=\"text-align: center;\">It will all begin at<br \/>\n10:00 am ET Canada on November 18, 2023.<\/p>\n<p><a style=\"text-align: center; background-color: #0f2c56; color: #fff; border-radius: 10px; padding: 5px 50px; text-decoration: none; display: inline-block;\" href=\"https:\/\/www.aohq.ca\/wp-content\/uploads\/2023\/11\/Agenda-Bilingualv3.pdf\" target=\"_blank\" rel=\"noopener\">Here is the link to access the agenda for the day<\/a><\/p>\n<p style=\"text-align: center;\"><a style=\"color: #0f2c56;\" href=\"https:\/\/youtube.com\/live\/VPYTmOvpvl0?feature=share\" target=\"_blank\" rel=\"noopener\">Held Virtually &#8211; Join Now<\/a><a href=\"https:\/\/youtube.com\/live\/VPYTmOvpvl0?feature=share\" target=\"_blank\" rel=\"noopener\"><img loading=\"lazy\" decoding=\"async\" class=\"size-full wp-image-3812 aligncenter\" src=\"https:\/\/www.aohq.ca\/wp-content\/uploads\/2023\/11\/BilingualImage.png\" alt=\"\" width=\"633\" height=\"325\" \/><\/a><\/p>\n<\/div>\n","protected":false},"excerpt":{"rendered":"<p>AOH Stronger Together Education Day 2023 It will all begin at 10:00 am ET Canada on November 18, 2023. Here is the link to access the agenda for the day Held Virtually &#8211; Join Now<\/p>\n","protected":false},"author":1,"featured_media":0,"parent":0,"menu_order":0,"comment_status":"closed","ping_status":"closed","template":"","meta":{"_acf_changed":false,"footnotes":""},"class_list":["post-3918","page","type-page","status-publish","hentry"],"acf":[],"yoast_head":"<!-- This site is optimized with the Yoast SEO plugin v23.3 - https:\/\/yoast.com\/wordpress\/plugins\/seo\/ -->\n<title>Congress 2023 - Angio-oed\u00e8me H\u00e9r\u00e9ditaire du Qu\u00e9bec<\/title>\n<meta name=\"robots\" content=\"index, follow, max-snippet:-1, max-image-preview:large, max-video-preview:-1\" \/>\n<link rel=\"canonical\" href=\"https:\/\/aohq.366technology.com\/en\/congress-2023\/\" \/>\n<meta property=\"og:locale\" content=\"en_US\" \/>\n<meta property=\"og:type\" content=\"article\" \/>\n<meta property=\"og:title\" content=\"Congress 2023 - Angio-oed\u00e8me H\u00e9r\u00e9ditaire du Qu\u00e9bec\" \/>\n<meta property=\"og:description\" content=\"AOH Stronger Together Education Day 2023 It will all begin at 10:00 am ET Canada on November 18, 2023. Here is the link to access the agenda for the day Held Virtually &#8211; Join Now\" \/>\n<meta property=\"og:url\" content=\"https:\/\/aohq.366technology.com\/en\/congress-2023\/\" \/>\n<meta property=\"og:site_name\" content=\"Angio-oed\u00e8me H\u00e9r\u00e9ditaire du Qu\u00e9bec\" \/>\n<meta property=\"article:publisher\" content=\"https:\/\/www.facebook.com\/aohquebec\/\" \/>\n<meta property=\"article:modified_time\" content=\"2023-11-13T15:01:12+00:00\" \/>\n<meta property=\"og:image\" content=\"https:\/\/www.aohq.ca\/wp-content\/uploads\/2023\/11\/BilingualImage.png\" \/>\n<meta name=\"twitter:card\" content=\"summary_large_image\" \/>\n<meta name=\"twitter:site\" content=\"@aoh_quebec\" \/>\n<meta name=\"twitter:label1\" content=\"Est. reading time\" \/>\n\t<meta name=\"twitter:data1\" content=\"1 minute\" \/>\n<script type=\"application\/ld+json\" class=\"yoast-schema-graph\">{\"@context\":\"https:\/\/schema.org\",\"@graph\":[{\"@type\":\"WebPage\",\"@id\":\"https:\/\/aohq.366technology.com\/en\/congress-2023\/\",\"url\":\"https:\/\/aohq.366technology.com\/en\/congress-2023\/\",\"name\":\"Congress 2023 - Angio-oed\u00e8me H\u00e9r\u00e9ditaire du Qu\u00e9bec\",\"isPartOf\":{\"@id\":\"https:\/\/aohq.366technology.com\/#website\"},\"primaryImageOfPage\":{\"@id\":\"https:\/\/aohq.366technology.com\/en\/congress-2023\/#primaryimage\"},\"image\":{\"@id\":\"https:\/\/aohq.366technology.com\/en\/congress-2023\/#primaryimage\"},\"thumbnailUrl\":\"https:\/\/www.aohq.ca\/wp-content\/uploads\/2023\/11\/BilingualImage.png\",\"datePublished\":\"2023-11-02T17:51:33+00:00\",\"dateModified\":\"2023-11-13T15:01:12+00:00\",\"breadcrumb\":{\"@id\":\"https:\/\/aohq.366technology.com\/en\/congress-2023\/#breadcrumb\"},\"inLanguage\":\"en-US\",\"potentialAction\":[{\"@type\":\"ReadAction\",\"target\":[\"https:\/\/aohq.366technology.com\/en\/congress-2023\/\"]}]},{\"@type\":\"ImageObject\",\"inLanguage\":\"en-US\",\"@id\":\"https:\/\/aohq.366technology.com\/en\/congress-2023\/#primaryimage\",\"url\":\"https:\/\/www.aohq.ca\/wp-content\/uploads\/2023\/11\/BilingualImage.png\",\"contentUrl\":\"https:\/\/www.aohq.ca\/wp-content\/uploads\/2023\/11\/BilingualImage.png\"},{\"@type\":\"BreadcrumbList\",\"@id\":\"https:\/\/aohq.366technology.com\/en\/congress-2023\/#breadcrumb\",\"itemListElement\":[{\"@type\":\"ListItem\",\"position\":1,\"name\":\"Home\",\"item\":\"https:\/\/aohq.366technology.com\/en\/\"},{\"@type\":\"ListItem\",\"position\":2,\"name\":\"Congress 2023\"}]},{\"@type\":\"WebSite\",\"@id\":\"https:\/\/aohq.366technology.com\/#website\",\"url\":\"https:\/\/aohq.366technology.com\/\",\"name\":\"Angio-oed\u00e8me H\u00e9r\u00e9ditaire du Qu\u00e9bec\",\"description\":\"Angio-oed\u00e8me H\u00e9r\u00e9ditaire du Qu\u00e9bec\",\"publisher\":{\"@id\":\"https:\/\/aohq.366technology.com\/#organization\"},\"potentialAction\":[{\"@type\":\"SearchAction\",\"target\":{\"@type\":\"EntryPoint\",\"urlTemplate\":\"https:\/\/aohq.366technology.com\/?s={search_term_string}\"},\"query-input\":\"required name=search_term_string\"}],\"inLanguage\":\"en-US\"},{\"@type\":\"Organization\",\"@id\":\"https:\/\/aohq.366technology.com\/#organization\",\"name\":\"Angio-oed\u00e8me H\u00e9r\u00e9ditaire du Qu\u00e9bec\",\"url\":\"https:\/\/aohq.366technology.com\/\",\"logo\":{\"@type\":\"ImageObject\",\"inLanguage\":\"en-US\",\"@id\":\"https:\/\/aohq.366technology.com\/#\/schema\/logo\/image\/\",\"url\":\"https:\/\/aohq.366technology.com\/wp-content\/uploads\/2019\/06\/AOH-icon_3.png\",\"contentUrl\":\"https:\/\/aohq.366technology.com\/wp-content\/uploads\/2019\/06\/AOH-icon_3.png\",\"width\":116,\"height\":63,\"caption\":\"Angio-oed\u00e8me H\u00e9r\u00e9ditaire du Qu\u00e9bec\"},\"image\":{\"@id\":\"https:\/\/aohq.366technology.com\/#\/schema\/logo\/image\/\"},\"sameAs\":[\"https:\/\/www.facebook.com\/aohquebec\/\",\"https:\/\/x.com\/aoh_quebec\",\"https:\/\/www.linkedin.com\/in\/charles-st-pierre-3280aa140\/\",\"https:\/\/www.youtube.com\/channel\/UCErz6mzQo7Qat9YLNFdg-xw\"]}]}<\/script>\n<!-- \/ Yoast SEO plugin. -->","yoast_head_json":{"title":"Congress 2023 - Angio-oed\u00e8me H\u00e9r\u00e9ditaire du Qu\u00e9bec","robots":{"index":"index","follow":"follow","max-snippet":"max-snippet:-1","max-image-preview":"max-image-preview:large","max-video-preview":"max-video-preview:-1"},"canonical":"https:\/\/aohq.366technology.com\/en\/congress-2023\/","og_locale":"en_US","og_type":"article","og_title":"Congress 2023 - Angio-oed\u00e8me H\u00e9r\u00e9ditaire du Qu\u00e9bec","og_description":"AOH Stronger Together Education Day 2023 It will all begin at 10:00 am ET Canada on November 18, 2023. Here is the link to access the agenda for the day Held Virtually &#8211; Join Now","og_url":"https:\/\/aohq.366technology.com\/en\/congress-2023\/","og_site_name":"Angio-oed\u00e8me H\u00e9r\u00e9ditaire du Qu\u00e9bec","article_publisher":"https:\/\/www.facebook.com\/aohquebec\/","article_modified_time":"2023-11-13T15:01:12+00:00","og_image":[{"url":"https:\/\/www.aohq.ca\/wp-content\/uploads\/2023\/11\/BilingualImage.png"}],"twitter_card":"summary_large_image","twitter_site":"@aoh_quebec","twitter_misc":{"Est. reading time":"1 minute"},"schema":{"@context":"https:\/\/schema.org","@graph":[{"@type":"WebPage","@id":"https:\/\/aohq.366technology.com\/en\/congress-2023\/","url":"https:\/\/aohq.366technology.com\/en\/congress-2023\/","name":"Congress 2023 - Angio-oed\u00e8me H\u00e9r\u00e9ditaire du Qu\u00e9bec","isPartOf":{"@id":"https:\/\/aohq.366technology.com\/#website"},"primaryImageOfPage":{"@id":"https:\/\/aohq.366technology.com\/en\/congress-2023\/#primaryimage"},"image":{"@id":"https:\/\/aohq.366technology.com\/en\/congress-2023\/#primaryimage"},"thumbnailUrl":"https:\/\/www.aohq.ca\/wp-content\/uploads\/2023\/11\/BilingualImage.png","datePublished":"2023-11-02T17:51:33+00:00","dateModified":"2023-11-13T15:01:12+00:00","breadcrumb":{"@id":"https:\/\/aohq.366technology.com\/en\/congress-2023\/#breadcrumb"},"inLanguage":"en-US","potentialAction":[{"@type":"ReadAction","target":["https:\/\/aohq.366technology.com\/en\/congress-2023\/"]}]},{"@type":"ImageObject","inLanguage":"en-US","@id":"https:\/\/aohq.366technology.com\/en\/congress-2023\/#primaryimage","url":"https:\/\/www.aohq.ca\/wp-content\/uploads\/2023\/11\/BilingualImage.png","contentUrl":"https:\/\/www.aohq.ca\/wp-content\/uploads\/2023\/11\/BilingualImage.png"},{"@type":"BreadcrumbList","@id":"https:\/\/aohq.366technology.com\/en\/congress-2023\/#breadcrumb","itemListElement":[{"@type":"ListItem","position":1,"name":"Home","item":"https:\/\/aohq.366technology.com\/en\/"},{"@type":"ListItem","position":2,"name":"Congress 2023"}]},{"@type":"WebSite","@id":"https:\/\/aohq.366technology.com\/#website","url":"https:\/\/aohq.366technology.com\/","name":"Angio-oed\u00e8me H\u00e9r\u00e9ditaire du Qu\u00e9bec","description":"Angio-oed\u00e8me H\u00e9r\u00e9ditaire du Qu\u00e9bec","publisher":{"@id":"https:\/\/aohq.366technology.com\/#organization"},"potentialAction":[{"@type":"SearchAction","target":{"@type":"EntryPoint","urlTemplate":"https:\/\/aohq.366technology.com\/?s={search_term_string}"},"query-input":"required name=search_term_string"}],"inLanguage":"en-US"},{"@type":"Organization","@id":"https:\/\/aohq.366technology.com\/#organization","name":"Angio-oed\u00e8me H\u00e9r\u00e9ditaire du Qu\u00e9bec","url":"https:\/\/aohq.366technology.com\/","logo":{"@type":"ImageObject","inLanguage":"en-US","@id":"https:\/\/aohq.366technology.com\/#\/schema\/logo\/image\/","url":"https:\/\/aohq.366technology.com\/wp-content\/uploads\/2019\/06\/AOH-icon_3.png","contentUrl":"https:\/\/aohq.366technology.com\/wp-content\/uploads\/2019\/06\/AOH-icon_3.png","width":116,"height":63,"caption":"Angio-oed\u00e8me H\u00e9r\u00e9ditaire du Qu\u00e9bec"},"image":{"@id":"https:\/\/aohq.366technology.com\/#\/schema\/logo\/image\/"},"sameAs":["https:\/\/www.facebook.com\/aohquebec\/","https:\/\/x.com\/aoh_quebec","https:\/\/www.linkedin.com\/in\/charles-st-pierre-3280aa140\/","https:\/\/www.youtube.com\/channel\/UCErz6mzQo7Qat9YLNFdg-xw"]}]}},"_links":{"self":[{"href":"https:\/\/aohq.366technology.com\/en\/wp-json\/wp\/v2\/pages\/3918"}],"collection":[{"href":"https:\/\/aohq.366technology.com\/en\/wp-json\/wp\/v2\/pages"}],"about":[{"href":"https:\/\/aohq.366technology.com\/en\/wp-json\/wp\/v2\/types\/page"}],"author":[{"embeddable":true,"href":"https:\/\/aohq.366technology.com\/en\/wp-json\/wp\/v2\/users\/1"}],"replies":[{"embeddable":true,"href":"https:\/\/aohq.366technology.com\/en\/wp-json\/wp\/v2\/comments?post=3918"}],"version-history":[{"count":7,"href":"https:\/\/aohq.366technology.com\/en\/wp-json\/wp\/v2\/pages\/3918\/revisions"}],"predecessor-version":[{"id":3919,"href":"https:\/\/aohq.366technology.com\/en\/wp-json\/wp\/v2\/pages\/3918\/revisions\/3919"}],"wp:attachment":[{"href":"https:\/\/aohq.366technology.com\/en\/wp-json\/wp\/v2\/media?parent=3918"}],"curies":[{"name":"wp","href":"https:\/\/api.w.org\/{rel}","templated":true}]}}