{"id":2396,"date":"2017-12-15T18:16:03","date_gmt":"2017-12-15T18:16:03","guid":{"rendered":"https:\/\/www.aohq.ca\/?page_id=2396"},"modified":"2023-08-17T18:19:22","modified_gmt":"2023-08-17T18:19:22","slug":"ambassador-program","status":"publish","type":"page","link":"https:\/\/aohq.366technology.com\/en\/ambassador-program\/","title":{"rendered":"The Ambassador Program"},"content":{"rendered":"<div class=\"wpb-content-wrapper\"><p>[vc_row][vc_column][vc_hoverbox image=&#8221;1950&#8243; primary_title=&#8221;&#8221; hover_title=&#8221;&#8221;]<\/p>\n<h1 style=\"text-align: center;\"><strong>The Ambassador Program<\/strong><\/h1>\n<h2 style=\"text-align: center;\">Educate health professionals and patients about hereditary angioedema in Canada<\/h2>\n<p>[\/vc_hoverbox][vc_btn title=&#8221;Send us a message to find out more about the program&#8221; color=&#8221;primary&#8221; size=&#8221;lg&#8221; align=&#8221;center&#8221; button_block=&#8221;true&#8221; link=&#8221;url:http%3A%2F%2Faohq.ca%2Fen%2Fcontact%2F|||&#8221;][vc_empty_space][vc_column_text]<strong>The ambassador is a volunteer member of the association who acts as a liaison between the HAE and the medical clinics, as well as the hospitals.<\/strong><\/p>\n<p>The ambassador is a volunteer member of the association who acts as a liaison between the HAE and the medical clinics, as well as the hospitals.<\/p>\n<p>Becoming an ambassador is to represent AOHQuebec to patients and targeted medical personnel located in their region. Essentially, it is a question of making visible and accessible the different tools of awareness to the hospitals and clinical centers, thus allowing to join and to favor the adhesion of new patients. His role is crucial and very significant, he is the cornerstone and extension of the association.<\/p>\n<p>Through his involvement, we will be able to make a difference and change lives!<\/p>\n<p><strong>Here\u2019s what an ambassador\u2019s tasks consist of :<\/strong><\/p>\n<ul>\n<li>Be responsible for posting awareness material in hospitals and clinics in order to give visibility to both the AOHQuebec and the disease.<\/li>\n<li>Serve as a liaison officer on behalf of AOHQuebec, between patients and medical staff.<\/li>\n<li>Be responsible for gathering information from new patients.<\/li>\n<li>Provide all necessary educational tools to the medical personnel.<\/li>\n<li>Organize information sessions with the support of AOHQuebec.<\/li>\n<\/ul>\n<p>&nbsp;<\/p>\n<p>In addition, the ambassador should promote events (accredited training, fundraising, etc.) to nurses, doctors, patients and the general public. Then make sure the medical staff has the necessary leaflets, brochures and portfolios.[\/vc_column_text][vc_empty_space][vc_column_text]<\/p>\n<h3 style=\"text-align: center;\"><strong>THE AMBASSADORS<\/strong><\/h3>\n<p><img loading=\"lazy\" decoding=\"async\" class=\"size-medium wp-image-2453 alignleft\" src=\"https:\/\/www.aohq.ca\/wp-content\/uploads\/2017\/12\/Christine-De\u0301ry-300x258.jpg\" alt=\"\" width=\"300\" height=\"258\" srcset=\"https:\/\/aohq.366technology.com\/wp-content\/uploads\/2017\/12\/Christine-De\u0301ry-300x258.jpg 300w, https:\/\/aohq.366technology.com\/wp-content\/uploads\/2017\/12\/Christine-De\u0301ry-768x660.jpg 768w, https:\/\/aohq.366technology.com\/wp-content\/uploads\/2017\/12\/Christine-De\u0301ry-1024x881.jpg 1024w\" sizes=\"(max-width: 300px) 100vw, 300px\" \/><\/p>\n<p><strong>Christine D\u00e9ry<\/strong><\/p>\n<p>Homemaker and teacher (home school) she gives herself, body and soul, for her 7-year-old son M\u00e9d\u00e9ric who, like his mother, has type 3 HAE. As an ambassador and volunteer, she very much represents the reality of a patient parent.<\/p>\n<div class=\"clearit\"><\/div>\n<p><a href=\"https:\/\/www.aohq.ca\/wp-content\/uploads\/2017\/12\/Rachel.jpg\"><img loading=\"lazy\" decoding=\"async\" class=\"size-medium wp-image-2417 alignleft\" src=\"https:\/\/www.aohq.ca\/wp-content\/uploads\/2017\/12\/Rachel-300x276.jpg\" alt=\"\" width=\"300\" height=\"276\" srcset=\"https:\/\/aohq.366technology.com\/wp-content\/uploads\/2017\/12\/Rachel-300x276.jpg 300w, https:\/\/aohq.366technology.com\/wp-content\/uploads\/2017\/12\/Rachel.jpg 511w\" sizes=\"(max-width: 300px) 100vw, 300px\" \/><\/a><\/p>\n<p><strong>Rachel Rodrigue<\/strong><\/p>\n<p>(Member of the Board)<\/p>\n<p>Rachel is patient, mom of a patient, Juliette. She is involved with the AOHQuebec as a member on the Board of Directors. In addition, she acts as an ambassador. Through many testimonials and events in which she participates, she makes the association shine. She helps to make the disease known to the general public and to front-line medical staff. She acts as a volunteer during various events of the association. All her actions are directed towards one goal: to improve the quality of life of patients on a daily basis.<\/p>\n<div class=\"clearit\"><\/div>\n<p><a href=\"https:\/\/www.aohq.ca\/wp-content\/uploads\/2017\/12\/Gigi.jpg\"><img loading=\"lazy\" decoding=\"async\" class=\"size-medium wp-image-2412 alignleft\" src=\"https:\/\/www.aohq.ca\/wp-content\/uploads\/2017\/12\/Gigi-300x276.jpg\" alt=\"\" width=\"300\" height=\"276\" srcset=\"https:\/\/aohq.366technology.com\/wp-content\/uploads\/2017\/12\/Gigi-300x276.jpg 300w, https:\/\/aohq.366technology.com\/wp-content\/uploads\/2017\/12\/Gigi.jpg 511w\" sizes=\"(max-width: 300px) 100vw, 300px\" \/><\/a><\/p>\n<p><strong>Gis\u00e8le (GiGi) Bujold-Michaud<\/strong><\/p>\n<p>Gigi has a university degree in Business Administration with a specialization in Human Resources Management. After a few years, she reoriented her career by opening a psychotherapy clinic recognized by various government departments. Now at retirement age, always passionate about helping people and endowed with great intuition, she continues to work in various forms for the well-being of all.<\/p>\n<div class=\"clearit\"><\/div>\n<p><a href=\"https:\/\/www.aohq.ca\/wp-content\/uploads\/2017\/12\/Ste4phane.jpg\"><img loading=\"lazy\" decoding=\"async\" class=\"size-medium wp-image-2419 alignleft\" src=\"https:\/\/www.aohq.ca\/wp-content\/uploads\/2017\/12\/Ste4phane-300x276.jpg\" alt=\"\" width=\"300\" height=\"276\" srcset=\"https:\/\/aohq.366technology.com\/wp-content\/uploads\/2017\/12\/Ste4phane-300x276.jpg 300w, https:\/\/aohq.366technology.com\/wp-content\/uploads\/2017\/12\/Ste4phane.jpg 511w\" sizes=\"(max-width: 300px) 100vw, 300px\" \/><\/a><\/p>\n<p><strong>St\u00e9phane Giroux<\/strong><\/p>\n<p>(VP of the Board)<\/p>\n<p>St\u00e9phane has many years of experience in the automotive aftermarket industry as an account manager for a large territory.<\/p>\n<p>Spouse of Rachel Rodrigue, patient with HAE and Juliette\u2019s stepfather, also patient, he devotes himself wholeheartedly to raise funds for the AOHQuebec, through fundraising activities that are supported by his employer, Vast-Auto distribution.<\/p>\n<p>He is deeply involved in making the association and the disease known to the general public. He is also a volunteer with the association during various events and related projects. He is present daily in Rachel and Juliette\u2019s lives, and supports them in the challenges that the disease brings.<\/p>\n<div class=\"clearit\"><\/div>\n<p><a href=\"https:\/\/www.aohq.ca\/wp-content\/uploads\/2017\/12\/Lucie2.jpg\"><img loading=\"lazy\" decoding=\"async\" class=\"size-medium wp-image-2421 alignleft\" src=\"https:\/\/www.aohq.ca\/wp-content\/uploads\/2017\/12\/Lucie2-300x275.jpg\" alt=\"\" width=\"300\" height=\"275\" srcset=\"https:\/\/aohq.366technology.com\/wp-content\/uploads\/2017\/12\/Lucie2-300x275.jpg 300w, https:\/\/aohq.366technology.com\/wp-content\/uploads\/2017\/12\/Lucie2.jpg 511w\" sizes=\"(max-width: 300px) 100vw, 300px\" \/><\/a><\/p>\n<p><strong>Lucie Neault<\/strong><\/p>\n<p>With her experience as a manager and customer service, she greatly contributes to the expansion of the association and the creation of content for AOHQuebec. She supports the president in different tasks and ensures the achievement of different objectives. She has type 3 HAE. She also acts as a volunteer during various events of the association.<\/p>\n<div class=\"clearit\"><\/div>\n<p><a href=\"https:\/\/www.aohq.ca\/wp-content\/uploads\/2017\/12\/Juliette.jpg\"><img loading=\"lazy\" decoding=\"async\" class=\"size-medium wp-image-2413 alignleft\" src=\"https:\/\/www.aohq.ca\/wp-content\/uploads\/2017\/12\/Juliette-300x276.jpg\" alt=\"\" width=\"300\" height=\"276\" srcset=\"https:\/\/aohq.366technology.com\/wp-content\/uploads\/2017\/12\/Juliette-300x276.jpg 300w, https:\/\/aohq.366technology.com\/wp-content\/uploads\/2017\/12\/Juliette.jpg 511w\" sizes=\"(max-width: 300px) 100vw, 300px\" \/><\/a><\/p>\n<p><strong>Juliette Pigeon<\/strong><\/p>\n<p>Juliette, 14, is a young patient who, in her own way, is pushing the cause of HAE. In her school environment, she regularly conducts work and presentations to make the disease known to her colleagues and teachers. During the association\u2019s events, she is a committed young volunteer who is always ready to offer her time and help. Her greatest wish: to live a more and more normal life, despite the disease.<\/p>\n<div class=\"clearit\"><\/div>\n<p><a href=\"https:\/\/www.aohq.ca\/wp-content\/uploads\/2017\/12\/Screen-Shot-2017-12-29-at-12.52.52-PM_V2.jpg\"><img loading=\"lazy\" decoding=\"async\" class=\"size-medium wp-image-2424 alignleft\" src=\"https:\/\/www.aohq.ca\/wp-content\/uploads\/2017\/12\/Screen-Shot-2017-12-29-at-12.52.52-PM_V2-300x275.jpg\" alt=\"\" width=\"300\" height=\"275\" srcset=\"https:\/\/aohq.366technology.com\/wp-content\/uploads\/2017\/12\/Screen-Shot-2017-12-29-at-12.52.52-PM_V2-300x275.jpg 300w, https:\/\/aohq.366technology.com\/wp-content\/uploads\/2017\/12\/Screen-Shot-2017-12-29-at-12.52.52-PM_V2.jpg 511w\" sizes=\"(max-width: 300px) 100vw, 300px\" \/><\/a><\/p>\n<p><strong>Genevi\u00e8ve Schreiber<\/strong><\/p>\n<p>(Member of the Board)<\/p>\n<p>Genevi\u00e8ve holds a Bachelor\u2019s degree in Social and Practical Service in the Greater Quebec City area. She is very involved in her community. She acts as a volunteer for AOHQuebec and as an ambassador. She has had the disease since childhood.[\/vc_column_text][\/vc_column][\/vc_row]<\/p>\n<\/div>","protected":false},"excerpt":{"rendered":"<p>[vc_row][vc_column][vc_hoverbox image=&#8221;1950&#8243; primary_title=&#8221;&#8221; hover_title=&#8221;&#8221;] The Ambassador Program Educate health professionals and patients about hereditary angioedema in Canada [\/vc_hoverbox][vc_btn title=&#8221;Send us a message to find out more about the program&#8221; color=&#8221;primary&#8221; size=&#8221;lg&#8221; align=&#8221;center&#8221; button_block=&#8221;true&#8221; link=&#8221;url:http%3A%2F%2Faohq.ca%2Fen%2Fcontact%2F|||&#8221;][vc_empty_space][vc_column_text]The ambassador is a volunteer member of the association who acts as a liaison between the HAE and the medical clinics, as&hellip; <a class=\"english moretag\" \n href=\"https:\/\/aohq.366technology.com\/en\/ambassador-program\/\">Read&nbsp;More<\/a><a class=\"french moretag\" \n href=\"https:\/\/aohq.366technology.com\/en\/ambassador-program\/\">En&nbsp;savoir&nbsp;plus<\/a><\/p>\n","protected":false},"author":1,"featured_media":0,"parent":0,"menu_order":0,"comment_status":"closed","ping_status":"closed","template":"","meta":{"_acf_changed":false,"footnotes":""},"class_list":["post-2396","page","type-page","status-publish","hentry"],"acf":[],"yoast_head":"<!-- This site is optimized with the Yoast SEO plugin v23.3 - https:\/\/yoast.com\/wordpress\/plugins\/seo\/ -->\n<title>The Ambassador Program - Angio-oed\u00e8me H\u00e9r\u00e9ditaire du Qu\u00e9bec<\/title>\n<meta name=\"robots\" content=\"index, follow, max-snippet:-1, max-image-preview:large, max-video-preview:-1\" \/>\n<link rel=\"canonical\" href=\"https:\/\/aohq.366technology.com\/en\/ambassador-program\/\" \/>\n<meta property=\"og:locale\" content=\"en_US\" \/>\n<meta property=\"og:type\" content=\"article\" \/>\n<meta property=\"og:title\" content=\"The Ambassador Program - Angio-oed\u00e8me H\u00e9r\u00e9ditaire du Qu\u00e9bec\" \/>\n<meta property=\"og:description\" content=\"[vc_row][vc_column][vc_hoverbox image=&#8221;1950&#8243; primary_title=&#8221;&#8221; hover_title=&#8221;&#8221;] The Ambassador Program Educate health professionals and patients about hereditary angioedema in Canada [\/vc_hoverbox][vc_btn title=&#8221;Send us a message to find out more about the program&#8221; color=&#8221;primary&#8221; size=&#8221;lg&#8221; align=&#8221;center&#8221; button_block=&#8221;true&#8221; link=&#8221;url:http%3A%2F%2Faohq.ca%2Fen%2Fcontact%2F|||&#8221;][vc_empty_space][vc_column_text]The ambassador is a volunteer member of the association who acts as a liaison between the HAE and the medical clinics, as&hellip; Read&nbsp;MoreEn&nbsp;savoir&nbsp;plus\" \/>\n<meta property=\"og:url\" content=\"https:\/\/aohq.366technology.com\/en\/ambassador-program\/\" \/>\n<meta property=\"og:site_name\" content=\"Angio-oed\u00e8me H\u00e9r\u00e9ditaire du Qu\u00e9bec\" \/>\n<meta property=\"article:publisher\" content=\"https:\/\/www.facebook.com\/aohquebec\/\" \/>\n<meta property=\"article:modified_time\" content=\"2023-08-17T18:19:22+00:00\" \/>\n<meta property=\"og:image\" content=\"https:\/\/www.aohq.ca\/wp-content\/uploads\/2017\/12\/Rachel-300x276.jpg\" \/>\n<meta name=\"twitter:card\" content=\"summary_large_image\" \/>\n<meta name=\"twitter:site\" content=\"@aoh_quebec\" \/>\n<meta name=\"twitter:label1\" content=\"Est. reading time\" \/>\n\t<meta name=\"twitter:data1\" content=\"5 minutes\" \/>\n<script type=\"application\/ld+json\" class=\"yoast-schema-graph\">{\"@context\":\"https:\/\/schema.org\",\"@graph\":[{\"@type\":\"WebPage\",\"@id\":\"https:\/\/aohq.366technology.com\/en\/ambassador-program\/\",\"url\":\"https:\/\/aohq.366technology.com\/en\/ambassador-program\/\",\"name\":\"The Ambassador Program - Angio-oed\u00e8me H\u00e9r\u00e9ditaire du Qu\u00e9bec\",\"isPartOf\":{\"@id\":\"https:\/\/aohq.366technology.com\/#website\"},\"primaryImageOfPage\":{\"@id\":\"https:\/\/aohq.366technology.com\/en\/ambassador-program\/#primaryimage\"},\"image\":{\"@id\":\"https:\/\/aohq.366technology.com\/en\/ambassador-program\/#primaryimage\"},\"thumbnailUrl\":\"https:\/\/www.aohq.ca\/wp-content\/uploads\/2017\/12\/Rachel-300x276.jpg\",\"datePublished\":\"2017-12-15T18:16:03+00:00\",\"dateModified\":\"2023-08-17T18:19:22+00:00\",\"breadcrumb\":{\"@id\":\"https:\/\/aohq.366technology.com\/en\/ambassador-program\/#breadcrumb\"},\"inLanguage\":\"en-US\",\"potentialAction\":[{\"@type\":\"ReadAction\",\"target\":[\"https:\/\/aohq.366technology.com\/en\/ambassador-program\/\"]}]},{\"@type\":\"ImageObject\",\"inLanguage\":\"en-US\",\"@id\":\"https:\/\/aohq.366technology.com\/en\/ambassador-program\/#primaryimage\",\"url\":\"https:\/\/www.aohq.ca\/wp-content\/uploads\/2017\/12\/Rachel-300x276.jpg\",\"contentUrl\":\"https:\/\/www.aohq.ca\/wp-content\/uploads\/2017\/12\/Rachel-300x276.jpg\"},{\"@type\":\"BreadcrumbList\",\"@id\":\"https:\/\/aohq.366technology.com\/en\/ambassador-program\/#breadcrumb\",\"itemListElement\":[{\"@type\":\"ListItem\",\"position\":1,\"name\":\"Home\",\"item\":\"https:\/\/aohq.366technology.com\/en\/\"},{\"@type\":\"ListItem\",\"position\":2,\"name\":\"The Ambassador Program\"}]},{\"@type\":\"WebSite\",\"@id\":\"https:\/\/aohq.366technology.com\/#website\",\"url\":\"https:\/\/aohq.366technology.com\/\",\"name\":\"Angio-oed\u00e8me H\u00e9r\u00e9ditaire du Qu\u00e9bec\",\"description\":\"Angio-oed\u00e8me H\u00e9r\u00e9ditaire du Qu\u00e9bec\",\"publisher\":{\"@id\":\"https:\/\/aohq.366technology.com\/#organization\"},\"potentialAction\":[{\"@type\":\"SearchAction\",\"target\":{\"@type\":\"EntryPoint\",\"urlTemplate\":\"https:\/\/aohq.366technology.com\/?s={search_term_string}\"},\"query-input\":\"required name=search_term_string\"}],\"inLanguage\":\"en-US\"},{\"@type\":\"Organization\",\"@id\":\"https:\/\/aohq.366technology.com\/#organization\",\"name\":\"Angio-oed\u00e8me H\u00e9r\u00e9ditaire du Qu\u00e9bec\",\"url\":\"https:\/\/aohq.366technology.com\/\",\"logo\":{\"@type\":\"ImageObject\",\"inLanguage\":\"en-US\",\"@id\":\"https:\/\/aohq.366technology.com\/#\/schema\/logo\/image\/\",\"url\":\"https:\/\/aohq.366technology.com\/wp-content\/uploads\/2019\/06\/AOH-icon_3.png\",\"contentUrl\":\"https:\/\/aohq.366technology.com\/wp-content\/uploads\/2019\/06\/AOH-icon_3.png\",\"width\":116,\"height\":63,\"caption\":\"Angio-oed\u00e8me H\u00e9r\u00e9ditaire du Qu\u00e9bec\"},\"image\":{\"@id\":\"https:\/\/aohq.366technology.com\/#\/schema\/logo\/image\/\"},\"sameAs\":[\"https:\/\/www.facebook.com\/aohquebec\/\",\"https:\/\/x.com\/aoh_quebec\",\"https:\/\/www.linkedin.com\/in\/charles-st-pierre-3280aa140\/\",\"https:\/\/www.youtube.com\/channel\/UCErz6mzQo7Qat9YLNFdg-xw\"]}]}<\/script>\n<!-- \/ Yoast SEO plugin. -->","yoast_head_json":{"title":"The Ambassador Program - Angio-oed\u00e8me H\u00e9r\u00e9ditaire du Qu\u00e9bec","robots":{"index":"index","follow":"follow","max-snippet":"max-snippet:-1","max-image-preview":"max-image-preview:large","max-video-preview":"max-video-preview:-1"},"canonical":"https:\/\/aohq.366technology.com\/en\/ambassador-program\/","og_locale":"en_US","og_type":"article","og_title":"The Ambassador Program - Angio-oed\u00e8me H\u00e9r\u00e9ditaire du Qu\u00e9bec","og_description":"[vc_row][vc_column][vc_hoverbox image=&#8221;1950&#8243; primary_title=&#8221;&#8221; hover_title=&#8221;&#8221;] The Ambassador Program Educate health professionals and patients about hereditary angioedema in Canada [\/vc_hoverbox][vc_btn title=&#8221;Send us a message to find out more about the program&#8221; color=&#8221;primary&#8221; size=&#8221;lg&#8221; align=&#8221;center&#8221; button_block=&#8221;true&#8221; link=&#8221;url:http%3A%2F%2Faohq.ca%2Fen%2Fcontact%2F|||&#8221;][vc_empty_space][vc_column_text]The ambassador is a volunteer member of the association who acts as a liaison between the HAE and the medical clinics, as&hellip; Read&nbsp;MoreEn&nbsp;savoir&nbsp;plus","og_url":"https:\/\/aohq.366technology.com\/en\/ambassador-program\/","og_site_name":"Angio-oed\u00e8me H\u00e9r\u00e9ditaire du Qu\u00e9bec","article_publisher":"https:\/\/www.facebook.com\/aohquebec\/","article_modified_time":"2023-08-17T18:19:22+00:00","og_image":[{"url":"https:\/\/www.aohq.ca\/wp-content\/uploads\/2017\/12\/Rachel-300x276.jpg"}],"twitter_card":"summary_large_image","twitter_site":"@aoh_quebec","twitter_misc":{"Est. reading time":"5 minutes"},"schema":{"@context":"https:\/\/schema.org","@graph":[{"@type":"WebPage","@id":"https:\/\/aohq.366technology.com\/en\/ambassador-program\/","url":"https:\/\/aohq.366technology.com\/en\/ambassador-program\/","name":"The Ambassador Program - Angio-oed\u00e8me H\u00e9r\u00e9ditaire du Qu\u00e9bec","isPartOf":{"@id":"https:\/\/aohq.366technology.com\/#website"},"primaryImageOfPage":{"@id":"https:\/\/aohq.366technology.com\/en\/ambassador-program\/#primaryimage"},"image":{"@id":"https:\/\/aohq.366technology.com\/en\/ambassador-program\/#primaryimage"},"thumbnailUrl":"https:\/\/www.aohq.ca\/wp-content\/uploads\/2017\/12\/Rachel-300x276.jpg","datePublished":"2017-12-15T18:16:03+00:00","dateModified":"2023-08-17T18:19:22+00:00","breadcrumb":{"@id":"https:\/\/aohq.366technology.com\/en\/ambassador-program\/#breadcrumb"},"inLanguage":"en-US","potentialAction":[{"@type":"ReadAction","target":["https:\/\/aohq.366technology.com\/en\/ambassador-program\/"]}]},{"@type":"ImageObject","inLanguage":"en-US","@id":"https:\/\/aohq.366technology.com\/en\/ambassador-program\/#primaryimage","url":"https:\/\/www.aohq.ca\/wp-content\/uploads\/2017\/12\/Rachel-300x276.jpg","contentUrl":"https:\/\/www.aohq.ca\/wp-content\/uploads\/2017\/12\/Rachel-300x276.jpg"},{"@type":"BreadcrumbList","@id":"https:\/\/aohq.366technology.com\/en\/ambassador-program\/#breadcrumb","itemListElement":[{"@type":"ListItem","position":1,"name":"Home","item":"https:\/\/aohq.366technology.com\/en\/"},{"@type":"ListItem","position":2,"name":"The Ambassador Program"}]},{"@type":"WebSite","@id":"https:\/\/aohq.366technology.com\/#website","url":"https:\/\/aohq.366technology.com\/","name":"Angio-oed\u00e8me H\u00e9r\u00e9ditaire du Qu\u00e9bec","description":"Angio-oed\u00e8me H\u00e9r\u00e9ditaire du Qu\u00e9bec","publisher":{"@id":"https:\/\/aohq.366technology.com\/#organization"},"potentialAction":[{"@type":"SearchAction","target":{"@type":"EntryPoint","urlTemplate":"https:\/\/aohq.366technology.com\/?s={search_term_string}"},"query-input":"required name=search_term_string"}],"inLanguage":"en-US"},{"@type":"Organization","@id":"https:\/\/aohq.366technology.com\/#organization","name":"Angio-oed\u00e8me H\u00e9r\u00e9ditaire du Qu\u00e9bec","url":"https:\/\/aohq.366technology.com\/","logo":{"@type":"ImageObject","inLanguage":"en-US","@id":"https:\/\/aohq.366technology.com\/#\/schema\/logo\/image\/","url":"https:\/\/aohq.366technology.com\/wp-content\/uploads\/2019\/06\/AOH-icon_3.png","contentUrl":"https:\/\/aohq.366technology.com\/wp-content\/uploads\/2019\/06\/AOH-icon_3.png","width":116,"height":63,"caption":"Angio-oed\u00e8me H\u00e9r\u00e9ditaire du Qu\u00e9bec"},"image":{"@id":"https:\/\/aohq.366technology.com\/#\/schema\/logo\/image\/"},"sameAs":["https:\/\/www.facebook.com\/aohquebec\/","https:\/\/x.com\/aoh_quebec","https:\/\/www.linkedin.com\/in\/charles-st-pierre-3280aa140\/","https:\/\/www.youtube.com\/channel\/UCErz6mzQo7Qat9YLNFdg-xw"]}]}},"_links":{"self":[{"href":"https:\/\/aohq.366technology.com\/en\/wp-json\/wp\/v2\/pages\/2396"}],"collection":[{"href":"https:\/\/aohq.366technology.com\/en\/wp-json\/wp\/v2\/pages"}],"about":[{"href":"https:\/\/aohq.366technology.com\/en\/wp-json\/wp\/v2\/types\/page"}],"author":[{"embeddable":true,"href":"https:\/\/aohq.366technology.com\/en\/wp-json\/wp\/v2\/users\/1"}],"replies":[{"embeddable":true,"href":"https:\/\/aohq.366technology.com\/en\/wp-json\/wp\/v2\/comments?post=2396"}],"version-history":[{"count":0,"href":"https:\/\/aohq.366technology.com\/en\/wp-json\/wp\/v2\/pages\/2396\/revisions"}],"wp:attachment":[{"href":"https:\/\/aohq.366technology.com\/en\/wp-json\/wp\/v2\/media?parent=2396"}],"curies":[{"name":"wp","href":"https:\/\/api.w.org\/{rel}","templated":true}]}}