{"id":2211,"date":"2017-12-04T19:18:47","date_gmt":"2017-12-04T19:18:47","guid":{"rendered":"https:\/\/www.aohq.ca\/?page_id=2211"},"modified":"2018-04-04T17:18:35","modified_gmt":"2018-04-04T17:18:35","slug":"symptoms","status":"publish","type":"page","link":"https:\/\/aohq.366technology.com\/en\/definition-hae\/symptoms\/","title":{"rendered":"Symptoms"},"content":{"rendered":"<div class=\"wpb-content-wrapper\"><p>[vc_row][vc_column][vc_column_text]<\/p>\n<h1 style=\"text-align: center;\"><strong>HAE SYMPTOMS<\/strong><\/h1>\n<p>&nbsp;<\/p>\n<p>Hereditary angioedema (HAE) attacks can occur suddenly without warning. However, many people with HAE notice symptoms early in a crisis. These symptoms are called warning signs or prodromal symptoms.<\/p>\n<p>Some of the warning signs reported by patients are: sudden changes in mood, rash, irritability, aggressiveness, anxiety, severe fatigue, or tingling sensation on the skin where the swelling will begin to manifest and also pain. Some people with HAE will notice these symptoms a few minutes or hours before an attack, while others may feel it a day or two before the outbreak of a major crisis.<\/p>\n<p>HAE attacks can be extremely serious and may require immediate medical attention. The following symptoms may indicate a serious situation :<\/p>\n<ul>\n<li><strong>Swelling of the throat<\/strong>\u00a0may block the airways; this type of crisis requires immediate emergency care. Symptoms include: a hoarse or laryngeal voice, difficulty swallowing, a feeling of tightness and changes in the voice. If you experience this type of crisis, contact your local emergency department immediately.<\/li>\n<li><strong>Swelling of the bowel<\/strong>\u00a0can cause severe abdominal pain, such as colic, which can develop and cause vomiting and diarrhea. The intestinal swelling is often misdiagnosed, it often sees the following avenues: appendicitis, rupture of the intestine or intestinal obstruction. An increase in white blood cell counts during a seizure makes it difficult to diagnose HAE properly.<\/li>\n<\/ul>\n<p>[\/vc_column_text][\/vc_column][\/vc_row][vc_row][vc_column]\r\n<img loading=\"lazy\" decoding=\"async\" src=\"https:\/\/www.aohq.ca\/wp-content\/uploads\/2018\/04\/original.jpg\" width=\"1024\" height=\"1325\" usemap=\"#Map\" border=\"0\" id=\"mappedimage\" style=\"width:1024px;height:auto;max-width:100%\">\r\n<map name=\"Map\">\r\n  <area shape=\"poly\" coords=\"417,402,284,724,295,786,361,763,448,492,452,397\" href=\";\" class=\"one\">\r\n  <area shape=\"poly\" coords=\"606,396,661,404,801,784,707,756,618,493\" href=\";\" class=\"one\">\r\n  <area shape=\"rect\" coords=\"463,341,598,407\" href=\";\" id=\"two\">\r\n  <area shape=\"rect\" coords=\"440,724,665,1170\" href=\";\" id=\"three\">\r\n  <area shape=\"rect\" coords=\"480,249,585,344\" href=\";\" id=\"four\">\r\n  <area shape=\"rect\" coords=\"447,519,625,722\" href=\";\" id=\"five\">\r\n<\/map>\r\n<div style=\"margin-left:-9999px;position:absolute\"><img loading=\"lazy\" decoding=\"async\" src=\"https:\/\/www.aohq.ca\/wp-content\/uploads\/2018\/04\/one.jpg\" width=\"1024\" height=\"1325\" border=\"0\"><img loading=\"lazy\" decoding=\"async\" src=\"https:\/\/www.aohq.ca\/wp-content\/uploads\/2018\/04\/two.jpg\" width=\"1024\" height=\"1325\" border=\"0\"><img loading=\"lazy\" decoding=\"async\" src=\"https:\/\/www.aohq.ca\/wp-content\/uploads\/2018\/04\/three.jpg\" width=\"1024\" height=\"1325\" border=\"0\"><img loading=\"lazy\" decoding=\"async\" src=\"https:\/\/www.aohq.ca\/wp-content\/uploads\/2018\/04\/four.jpg\" width=\"1024\" height=\"1325\" border=\"0\"><img loading=\"lazy\" decoding=\"async\" src=\"https:\/\/www.aohq.ca\/wp-content\/uploads\/2018\/04\/fivejpg\" width=\"1024\" height=\"1325\" border=\"0\"><\/div>\r\n\r\njQuery('.one').click(function() {\r\n      jQuery('#mappedimage').attr('src','https:\/\/www.aohq.ca\/wp-content\/uploads\/2018\/04\/one.jpg');\r\n  });\r\njQuery('#two').click(function() {\r\n      jQuery('#mappedimage').attr('src','https:\/\/www.aohq.ca\/wp-content\/uploads\/2018\/04\/two.jpg');\r\n  });\r\njQuery('#three').click(function() {\r\n      jQuery('#mappedimage').attr('src','https:\/\/www.aohq.ca\/wp-content\/uploads\/2018\/04\/three.jpg');\r\n  });\r\njQuery('#four').click(function() {\r\n      jQuery('#mappedimage').attr('src','https:\/\/www.aohq.ca\/wp-content\/uploads\/2018\/04\/four.jpg');\r\n  });\r\njQuery('#five').click(function() {\r\n      jQuery('#mappedimage').attr('src','https:\/\/www.aohq.ca\/wp-content\/uploads\/2018\/04\/five.jpg');\r\n  });\r\n  jQuery('.one').on({\r\n    'mouseover' : function() {\r\n      jQuery('#mappedimage').attr('src','https:\/\/www.aohq.ca\/wp-content\/uploads\/2018\/04\/one.jpg');\r\n    },\r\n    mouseout : function() {\r\n  jQuery('#mappedimage').attr('src','https:\/\/www.aohq.ca\/wp-content\/uploads\/2018\/04\/original.jpg');\r\n    }\r\n  });\r\njQuery('#two').on({\r\n    'mouseover' : function() {\r\n      jQuery('#mappedimage').attr('src','https:\/\/www.aohq.ca\/wp-content\/uploads\/2018\/04\/two.jpg');\r\n    },\r\n    mouseout : function() {\r\n  jQuery('#mappedimage').attr('src','https:\/\/www.aohq.ca\/wp-content\/uploads\/2018\/04\/original.jpg');\r\n    }\r\n  });\r\njQuery('#three').on({\r\n    'mouseover' : function() {\r\n      jQuery('#mappedimage').attr('src','https:\/\/www.aohq.ca\/wp-content\/uploads\/2018\/04\/three.jpg');\r\n    },\r\n    mouseout : function() {\r\n  jQuery('#mappedimage').attr('src','https:\/\/www.aohq.ca\/wp-content\/uploads\/2018\/04\/original.jpg');\r\n    }\r\n  });\r\njQuery('#four').on({\r\n    'mouseover' : function() {\r\n      jQuery('#mappedimage').attr('src','https:\/\/www.aohq.ca\/wp-content\/uploads\/2018\/04\/four.jpg');\r\n    },\r\n    mouseout : function() {\r\n  jQuery('#mappedimage').attr('src','https:\/\/www.aohq.ca\/wp-content\/uploads\/2018\/04\/original.jpg');\r\n    }\r\n  });\r\njQuery('#five').on({\r\n    'mouseover' : function() {\r\n      jQuery('#mappedimage').attr('src','https:\/\/www.aohq.ca\/wp-content\/uploads\/2018\/04\/five.jpg');\r\n    },\r\n    mouseout : function() {\r\n  jQuery('#mappedimage').attr('src','https:\/\/www.aohq.ca\/wp-content\/uploads\/2018\/04\/original.jpg');\r\n    }\r\n  });\r\njQuery(document).ready(function(e) {\r\n    jQuery('img[usemap]').rwdImageMaps();\r\n});\r\n<\/p>\n<p>[vc_single_image image=&#8221;2804&#8243; img_size=&#8221;large&#8221; alignment=&#8221;center&#8221;][\/vc_column][\/vc_row]<\/p>\n<\/div>","protected":false},"excerpt":{"rendered":"<p>[vc_row][vc_column][vc_column_text] HAE SYMPTOMS &nbsp; Hereditary angioedema (HAE) attacks can occur suddenly without warning. However, many people with HAE notice symptoms early in a crisis. These symptoms are called warning signs or prodromal symptoms. Some of the warning signs reported by patients are: sudden changes in mood, rash, irritability, aggressiveness, anxiety, severe fatigue, or tingling sensation&hellip; <a class=\"english moretag\" \n href=\"https:\/\/aohq.366technology.com\/en\/definition-hae\/symptoms\/\">Read&nbsp;More<\/a><a class=\"french moretag\" \n href=\"https:\/\/aohq.366technology.com\/en\/definition-hae\/symptoms\/\">En&nbsp;savoir&nbsp;plus<\/a><\/p>\n","protected":false},"author":1,"featured_media":0,"parent":2027,"menu_order":0,"comment_status":"closed","ping_status":"closed","template":"","meta":{"_acf_changed":false,"footnotes":""},"class_list":["post-2211","page","type-page","status-publish","hentry"],"acf":[],"yoast_head":"<!-- This site is optimized with the Yoast SEO plugin v23.3 - https:\/\/yoast.com\/wordpress\/plugins\/seo\/ -->\n<title>Symptoms - Angio-oed\u00e8me H\u00e9r\u00e9ditaire du Qu\u00e9bec<\/title>\n<meta name=\"robots\" content=\"index, follow, max-snippet:-1, max-image-preview:large, max-video-preview:-1\" \/>\n<link rel=\"canonical\" href=\"https:\/\/aohq.366technology.com\/en\/definition-hae\/symptoms\/\" \/>\n<meta property=\"og:locale\" content=\"en_US\" \/>\n<meta property=\"og:type\" content=\"article\" \/>\n<meta property=\"og:title\" content=\"Symptoms - Angio-oed\u00e8me H\u00e9r\u00e9ditaire du Qu\u00e9bec\" \/>\n<meta property=\"og:description\" content=\"[vc_row][vc_column][vc_column_text] HAE SYMPTOMS &nbsp; Hereditary angioedema (HAE) attacks can occur suddenly without warning. However, many people with HAE notice symptoms early in a crisis. These symptoms are called warning signs or prodromal symptoms. Some of the warning signs reported by patients are: sudden changes in mood, rash, irritability, aggressiveness, anxiety, severe fatigue, or tingling sensation&hellip; Read&nbsp;MoreEn&nbsp;savoir&nbsp;plus\" \/>\n<meta property=\"og:url\" content=\"https:\/\/aohq.366technology.com\/en\/definition-hae\/symptoms\/\" \/>\n<meta property=\"og:site_name\" content=\"Angio-oed\u00e8me H\u00e9r\u00e9ditaire du Qu\u00e9bec\" \/>\n<meta property=\"article:publisher\" content=\"https:\/\/www.facebook.com\/aohquebec\/\" \/>\n<meta property=\"article:modified_time\" content=\"2018-04-04T17:18:35+00:00\" \/>\n<meta property=\"og:image\" content=\"https:\/\/aohq.366technology.com\/wp-content\/uploads\/2018\/02\/logo-aoh-final2016-4.png\" \/>\n\t<meta property=\"og:image:width\" content=\"1200\" \/>\n\t<meta property=\"og:image:height\" content=\"630\" \/>\n\t<meta property=\"og:image:type\" content=\"image\/png\" \/>\n<meta name=\"twitter:card\" content=\"summary_large_image\" \/>\n<meta name=\"twitter:site\" content=\"@aoh_quebec\" \/>\n<meta name=\"twitter:label1\" content=\"Est. reading time\" \/>\n\t<meta name=\"twitter:data1\" content=\"1 minute\" \/>\n<script type=\"application\/ld+json\" class=\"yoast-schema-graph\">{\"@context\":\"https:\/\/schema.org\",\"@graph\":[{\"@type\":\"WebPage\",\"@id\":\"https:\/\/aohq.366technology.com\/en\/definition-hae\/symptoms\/\",\"url\":\"https:\/\/aohq.366technology.com\/en\/definition-hae\/symptoms\/\",\"name\":\"Symptoms - Angio-oed\u00e8me H\u00e9r\u00e9ditaire du Qu\u00e9bec\",\"isPartOf\":{\"@id\":\"https:\/\/aohq.366technology.com\/#website\"},\"datePublished\":\"2017-12-04T19:18:47+00:00\",\"dateModified\":\"2018-04-04T17:18:35+00:00\",\"breadcrumb\":{\"@id\":\"https:\/\/aohq.366technology.com\/en\/definition-hae\/symptoms\/#breadcrumb\"},\"inLanguage\":\"en-US\",\"potentialAction\":[{\"@type\":\"ReadAction\",\"target\":[\"https:\/\/aohq.366technology.com\/en\/definition-hae\/symptoms\/\"]}]},{\"@type\":\"BreadcrumbList\",\"@id\":\"https:\/\/aohq.366technology.com\/en\/definition-hae\/symptoms\/#breadcrumb\",\"itemListElement\":[{\"@type\":\"ListItem\",\"position\":1,\"name\":\"Home\",\"item\":\"https:\/\/aohq.366technology.com\/en\/\"},{\"@type\":\"ListItem\",\"position\":2,\"name\":\"Definition of HAE\",\"item\":\"https:\/\/aohq.366technology.com\/en\/definition-hae\/\"},{\"@type\":\"ListItem\",\"position\":3,\"name\":\"Symptoms\"}]},{\"@type\":\"WebSite\",\"@id\":\"https:\/\/aohq.366technology.com\/#website\",\"url\":\"https:\/\/aohq.366technology.com\/\",\"name\":\"Angio-oed\u00e8me H\u00e9r\u00e9ditaire du Qu\u00e9bec\",\"description\":\"Angio-oed\u00e8me H\u00e9r\u00e9ditaire du Qu\u00e9bec\",\"publisher\":{\"@id\":\"https:\/\/aohq.366technology.com\/#organization\"},\"potentialAction\":[{\"@type\":\"SearchAction\",\"target\":{\"@type\":\"EntryPoint\",\"urlTemplate\":\"https:\/\/aohq.366technology.com\/?s={search_term_string}\"},\"query-input\":\"required name=search_term_string\"}],\"inLanguage\":\"en-US\"},{\"@type\":\"Organization\",\"@id\":\"https:\/\/aohq.366technology.com\/#organization\",\"name\":\"Angio-oed\u00e8me H\u00e9r\u00e9ditaire du Qu\u00e9bec\",\"url\":\"https:\/\/aohq.366technology.com\/\",\"logo\":{\"@type\":\"ImageObject\",\"inLanguage\":\"en-US\",\"@id\":\"https:\/\/aohq.366technology.com\/#\/schema\/logo\/image\/\",\"url\":\"https:\/\/aohq.366technology.com\/wp-content\/uploads\/2019\/06\/AOH-icon_3.png\",\"contentUrl\":\"https:\/\/aohq.366technology.com\/wp-content\/uploads\/2019\/06\/AOH-icon_3.png\",\"width\":116,\"height\":63,\"caption\":\"Angio-oed\u00e8me H\u00e9r\u00e9ditaire du Qu\u00e9bec\"},\"image\":{\"@id\":\"https:\/\/aohq.366technology.com\/#\/schema\/logo\/image\/\"},\"sameAs\":[\"https:\/\/www.facebook.com\/aohquebec\/\",\"https:\/\/x.com\/aoh_quebec\",\"https:\/\/www.linkedin.com\/in\/charles-st-pierre-3280aa140\/\",\"https:\/\/www.youtube.com\/channel\/UCErz6mzQo7Qat9YLNFdg-xw\"]}]}<\/script>\n<!-- \/ Yoast SEO plugin. -->","yoast_head_json":{"title":"Symptoms - Angio-oed\u00e8me H\u00e9r\u00e9ditaire du Qu\u00e9bec","robots":{"index":"index","follow":"follow","max-snippet":"max-snippet:-1","max-image-preview":"max-image-preview:large","max-video-preview":"max-video-preview:-1"},"canonical":"https:\/\/aohq.366technology.com\/en\/definition-hae\/symptoms\/","og_locale":"en_US","og_type":"article","og_title":"Symptoms - Angio-oed\u00e8me H\u00e9r\u00e9ditaire du Qu\u00e9bec","og_description":"[vc_row][vc_column][vc_column_text] HAE SYMPTOMS &nbsp; Hereditary angioedema (HAE) attacks can occur suddenly without warning. However, many people with HAE notice symptoms early in a crisis. These symptoms are called warning signs or prodromal symptoms. Some of the warning signs reported by patients are: sudden changes in mood, rash, irritability, aggressiveness, anxiety, severe fatigue, or tingling sensation&hellip; Read&nbsp;MoreEn&nbsp;savoir&nbsp;plus","og_url":"https:\/\/aohq.366technology.com\/en\/definition-hae\/symptoms\/","og_site_name":"Angio-oed\u00e8me H\u00e9r\u00e9ditaire du Qu\u00e9bec","article_publisher":"https:\/\/www.facebook.com\/aohquebec\/","article_modified_time":"2018-04-04T17:18:35+00:00","og_image":[{"width":1200,"height":630,"url":"https:\/\/aohq.366technology.com\/wp-content\/uploads\/2018\/02\/logo-aoh-final2016-4.png","type":"image\/png"}],"twitter_card":"summary_large_image","twitter_site":"@aoh_quebec","twitter_misc":{"Est. reading time":"1 minute"},"schema":{"@context":"https:\/\/schema.org","@graph":[{"@type":"WebPage","@id":"https:\/\/aohq.366technology.com\/en\/definition-hae\/symptoms\/","url":"https:\/\/aohq.366technology.com\/en\/definition-hae\/symptoms\/","name":"Symptoms - Angio-oed\u00e8me H\u00e9r\u00e9ditaire du Qu\u00e9bec","isPartOf":{"@id":"https:\/\/aohq.366technology.com\/#website"},"datePublished":"2017-12-04T19:18:47+00:00","dateModified":"2018-04-04T17:18:35+00:00","breadcrumb":{"@id":"https:\/\/aohq.366technology.com\/en\/definition-hae\/symptoms\/#breadcrumb"},"inLanguage":"en-US","potentialAction":[{"@type":"ReadAction","target":["https:\/\/aohq.366technology.com\/en\/definition-hae\/symptoms\/"]}]},{"@type":"BreadcrumbList","@id":"https:\/\/aohq.366technology.com\/en\/definition-hae\/symptoms\/#breadcrumb","itemListElement":[{"@type":"ListItem","position":1,"name":"Home","item":"https:\/\/aohq.366technology.com\/en\/"},{"@type":"ListItem","position":2,"name":"Definition of HAE","item":"https:\/\/aohq.366technology.com\/en\/definition-hae\/"},{"@type":"ListItem","position":3,"name":"Symptoms"}]},{"@type":"WebSite","@id":"https:\/\/aohq.366technology.com\/#website","url":"https:\/\/aohq.366technology.com\/","name":"Angio-oed\u00e8me H\u00e9r\u00e9ditaire du Qu\u00e9bec","description":"Angio-oed\u00e8me H\u00e9r\u00e9ditaire du Qu\u00e9bec","publisher":{"@id":"https:\/\/aohq.366technology.com\/#organization"},"potentialAction":[{"@type":"SearchAction","target":{"@type":"EntryPoint","urlTemplate":"https:\/\/aohq.366technology.com\/?s={search_term_string}"},"query-input":"required name=search_term_string"}],"inLanguage":"en-US"},{"@type":"Organization","@id":"https:\/\/aohq.366technology.com\/#organization","name":"Angio-oed\u00e8me H\u00e9r\u00e9ditaire du Qu\u00e9bec","url":"https:\/\/aohq.366technology.com\/","logo":{"@type":"ImageObject","inLanguage":"en-US","@id":"https:\/\/aohq.366technology.com\/#\/schema\/logo\/image\/","url":"https:\/\/aohq.366technology.com\/wp-content\/uploads\/2019\/06\/AOH-icon_3.png","contentUrl":"https:\/\/aohq.366technology.com\/wp-content\/uploads\/2019\/06\/AOH-icon_3.png","width":116,"height":63,"caption":"Angio-oed\u00e8me H\u00e9r\u00e9ditaire du Qu\u00e9bec"},"image":{"@id":"https:\/\/aohq.366technology.com\/#\/schema\/logo\/image\/"},"sameAs":["https:\/\/www.facebook.com\/aohquebec\/","https:\/\/x.com\/aoh_quebec","https:\/\/www.linkedin.com\/in\/charles-st-pierre-3280aa140\/","https:\/\/www.youtube.com\/channel\/UCErz6mzQo7Qat9YLNFdg-xw"]}]}},"_links":{"self":[{"href":"https:\/\/aohq.366technology.com\/en\/wp-json\/wp\/v2\/pages\/2211"}],"collection":[{"href":"https:\/\/aohq.366technology.com\/en\/wp-json\/wp\/v2\/pages"}],"about":[{"href":"https:\/\/aohq.366technology.com\/en\/wp-json\/wp\/v2\/types\/page"}],"author":[{"embeddable":true,"href":"https:\/\/aohq.366technology.com\/en\/wp-json\/wp\/v2\/users\/1"}],"replies":[{"embeddable":true,"href":"https:\/\/aohq.366technology.com\/en\/wp-json\/wp\/v2\/comments?post=2211"}],"version-history":[{"count":0,"href":"https:\/\/aohq.366technology.com\/en\/wp-json\/wp\/v2\/pages\/2211\/revisions"}],"up":[{"embeddable":true,"href":"https:\/\/aohq.366technology.com\/en\/wp-json\/wp\/v2\/pages\/2027"}],"wp:attachment":[{"href":"https:\/\/aohq.366technology.com\/en\/wp-json\/wp\/v2\/media?parent=2211"}],"curies":[{"name":"wp","href":"https:\/\/api.w.org\/{rel}","templated":true}]}}