{"id":2156,"date":"2017-11-23T19:03:38","date_gmt":"2017-11-23T19:03:38","guid":{"rendered":"https:\/\/www.aohq.ca\/?page_id=2156"},"modified":"2019-06-20T15:31:33","modified_gmt":"2019-06-20T15:31:33","slug":"become-a-member","status":"publish","type":"page","link":"https:\/\/aohq.366technology.com\/en\/become-a-member\/","title":{"rendered":"Become a Member"},"content":{"rendered":"<div class=\"wpb-content-wrapper\"><p>[vc_row][vc_column][vc_column_text]<\/p>\n<h1 style=\"text-align: center;\">BECOME A MEMBER<\/h1>\n<p>[\/vc_column_text][\/vc_column][\/vc_row][vc_row][vc_column][vc_text_separator title=&#8221;Who can be a member of AOHQuebec?&#8221; color=&#8221;blue&#8221;][\/vc_column][\/vc_row][vc_row][vc_column][vc_column_text]<\/p>\n<ul>\n<li>People with hereditary angioedema.<\/li>\n<li>The family and immediate surroundings of those affected by the disease.<\/li>\n<li>Health professionals who are committed to improving the living conditions of people with hereditary angioedema.<\/li>\n<\/ul>\n<p>[\/vc_column_text][\/vc_column][\/vc_row][vc_row][vc_column][vc_single_image image=&#8221;2167&#8243; img_size=&#8221;large&#8221;][vc_text_separator title=&#8221;What are the advantages?&#8221; color=&#8221;blue&#8221;][\/vc_column][\/vc_row][vc_row][vc_column][vc_column_text]<\/p>\n<h4><strong>Join our association by becoming a member, so you can :<\/strong><\/h4>\n<ul>\n<li>Receive the latest news related to HAE.<\/li>\n<li>Access activities and support services.<\/li>\n<li>Join a community of mutual help.<\/li>\n<li>Contribute to the improvement of health and support services.<\/li>\n<li>Take a stand on issues that concern patients with HAE.<\/li>\n<li>Support our efforts for patients affected by HAE and much more.<\/li>\n<\/ul>\n<p>[\/vc_column_text][\/vc_column][\/vc_row][vc_row][vc_column][vc_single_image image=&#8221;2167&#8243; img_size=&#8221;Large&#8221;][\/vc_column][\/vc_row][vc_row][vc_column]<\/p>\n<div style=\"display:none;\">[vc_btn title=&#8221;Become a Member!&#8221; style=&#8221;classic&#8221; color=&#8221;primary&#8221; size=&#8221;lg&#8221; align=&#8221;center&#8221; button_block=&#8221;true&#8221; link=&#8221;url:https%3A%2F%2Faohqdev.wpengine.com%2Fen%2Fmember-registration%2F|title:Become%20a%20Member||&#8221;]<\/div>\n<p>[\/vc_column][\/vc_row]<\/p>\n<\/div>","protected":false},"excerpt":{"rendered":"<p>[vc_row][vc_column][vc_column_text] BECOME A MEMBER [\/vc_column_text][\/vc_column][\/vc_row][vc_row][vc_column][vc_text_separator title=&#8221;Who can be a member of AOHQuebec?&#8221; color=&#8221;blue&#8221;][\/vc_column][\/vc_row][vc_row][vc_column][vc_column_text] People with hereditary angioedema. The family and immediate surroundings of those affected by the disease. Health professionals who are committed to improving the living conditions of people with hereditary angioedema. [\/vc_column_text][\/vc_column][\/vc_row][vc_row][vc_column][vc_single_image image=&#8221;2167&#8243; img_size=&#8221;large&#8221;][vc_text_separator title=&#8221;What are the advantages?&#8221; color=&#8221;blue&#8221;][\/vc_column][\/vc_row][vc_row][vc_column][vc_column_text] Join our association by&hellip; <a class=\"english moretag\" \n href=\"https:\/\/aohq.366technology.com\/en\/become-a-member\/\">Read&nbsp;More<\/a><a class=\"french moretag\" \n href=\"https:\/\/aohq.366technology.com\/en\/become-a-member\/\">En&nbsp;savoir&nbsp;plus<\/a><\/p>\n","protected":false},"author":1,"featured_media":0,"parent":0,"menu_order":0,"comment_status":"closed","ping_status":"closed","template":"","meta":{"_acf_changed":false,"footnotes":""},"class_list":["post-2156","page","type-page","status-publish","hentry"],"acf":[],"yoast_head":"<!-- This site is optimized with the Yoast SEO plugin v23.3 - https:\/\/yoast.com\/wordpress\/plugins\/seo\/ -->\n<title>Become a Member - Angio-oed\u00e8me H\u00e9r\u00e9ditaire du Qu\u00e9bec<\/title>\n<meta name=\"robots\" content=\"index, follow, max-snippet:-1, max-image-preview:large, max-video-preview:-1\" \/>\n<link rel=\"canonical\" href=\"https:\/\/aohq.366technology.com\/en\/become-a-member\/\" \/>\n<meta property=\"og:locale\" content=\"en_US\" \/>\n<meta property=\"og:type\" content=\"article\" \/>\n<meta property=\"og:title\" content=\"Become a Member - Angio-oed\u00e8me H\u00e9r\u00e9ditaire du Qu\u00e9bec\" \/>\n<meta property=\"og:description\" content=\"[vc_row][vc_column][vc_column_text] BECOME A MEMBER [\/vc_column_text][\/vc_column][\/vc_row][vc_row][vc_column][vc_text_separator title=&#8221;Who can be a member of AOHQuebec?&#8221; color=&#8221;blue&#8221;][\/vc_column][\/vc_row][vc_row][vc_column][vc_column_text] People with hereditary angioedema. The family and immediate surroundings of those affected by the disease. Health professionals who are committed to improving the living conditions of people with hereditary angioedema. [\/vc_column_text][\/vc_column][\/vc_row][vc_row][vc_column][vc_single_image image=&#8221;2167&#8243; img_size=&#8221;large&#8221;][vc_text_separator title=&#8221;What are the advantages?&#8221; color=&#8221;blue&#8221;][\/vc_column][\/vc_row][vc_row][vc_column][vc_column_text] Join our association by&hellip; Read&nbsp;MoreEn&nbsp;savoir&nbsp;plus\" \/>\n<meta property=\"og:url\" content=\"https:\/\/aohq.366technology.com\/en\/become-a-member\/\" \/>\n<meta property=\"og:site_name\" content=\"Angio-oed\u00e8me H\u00e9r\u00e9ditaire du Qu\u00e9bec\" \/>\n<meta property=\"article:publisher\" content=\"https:\/\/www.facebook.com\/aohquebec\/\" \/>\n<meta property=\"article:modified_time\" content=\"2019-06-20T15:31:33+00:00\" \/>\n<meta property=\"og:image\" content=\"https:\/\/aohq.366technology.com\/wp-content\/uploads\/2018\/02\/logo-aoh-final2016-4.png\" \/>\n\t<meta property=\"og:image:width\" content=\"1200\" \/>\n\t<meta property=\"og:image:height\" content=\"630\" \/>\n\t<meta property=\"og:image:type\" content=\"image\/png\" \/>\n<meta name=\"twitter:card\" content=\"summary_large_image\" \/>\n<meta name=\"twitter:site\" content=\"@aoh_quebec\" \/>\n<meta name=\"twitter:label1\" content=\"Est. reading time\" \/>\n\t<meta name=\"twitter:data1\" content=\"1 minute\" \/>\n<script type=\"application\/ld+json\" class=\"yoast-schema-graph\">{\"@context\":\"https:\/\/schema.org\",\"@graph\":[{\"@type\":\"WebPage\",\"@id\":\"https:\/\/aohq.366technology.com\/en\/become-a-member\/\",\"url\":\"https:\/\/aohq.366technology.com\/en\/become-a-member\/\",\"name\":\"Become a Member - Angio-oed\u00e8me H\u00e9r\u00e9ditaire du Qu\u00e9bec\",\"isPartOf\":{\"@id\":\"https:\/\/aohq.366technology.com\/#website\"},\"datePublished\":\"2017-11-23T19:03:38+00:00\",\"dateModified\":\"2019-06-20T15:31:33+00:00\",\"breadcrumb\":{\"@id\":\"https:\/\/aohq.366technology.com\/en\/become-a-member\/#breadcrumb\"},\"inLanguage\":\"en-US\",\"potentialAction\":[{\"@type\":\"ReadAction\",\"target\":[\"https:\/\/aohq.366technology.com\/en\/become-a-member\/\"]}]},{\"@type\":\"BreadcrumbList\",\"@id\":\"https:\/\/aohq.366technology.com\/en\/become-a-member\/#breadcrumb\",\"itemListElement\":[{\"@type\":\"ListItem\",\"position\":1,\"name\":\"Home\",\"item\":\"https:\/\/aohq.366technology.com\/en\/\"},{\"@type\":\"ListItem\",\"position\":2,\"name\":\"Become a Member\"}]},{\"@type\":\"WebSite\",\"@id\":\"https:\/\/aohq.366technology.com\/#website\",\"url\":\"https:\/\/aohq.366technology.com\/\",\"name\":\"Angio-oed\u00e8me H\u00e9r\u00e9ditaire du Qu\u00e9bec\",\"description\":\"Angio-oed\u00e8me H\u00e9r\u00e9ditaire du Qu\u00e9bec\",\"publisher\":{\"@id\":\"https:\/\/aohq.366technology.com\/#organization\"},\"potentialAction\":[{\"@type\":\"SearchAction\",\"target\":{\"@type\":\"EntryPoint\",\"urlTemplate\":\"https:\/\/aohq.366technology.com\/?s={search_term_string}\"},\"query-input\":\"required name=search_term_string\"}],\"inLanguage\":\"en-US\"},{\"@type\":\"Organization\",\"@id\":\"https:\/\/aohq.366technology.com\/#organization\",\"name\":\"Angio-oed\u00e8me H\u00e9r\u00e9ditaire du Qu\u00e9bec\",\"url\":\"https:\/\/aohq.366technology.com\/\",\"logo\":{\"@type\":\"ImageObject\",\"inLanguage\":\"en-US\",\"@id\":\"https:\/\/aohq.366technology.com\/#\/schema\/logo\/image\/\",\"url\":\"https:\/\/aohq.366technology.com\/wp-content\/uploads\/2019\/06\/AOH-icon_3.png\",\"contentUrl\":\"https:\/\/aohq.366technology.com\/wp-content\/uploads\/2019\/06\/AOH-icon_3.png\",\"width\":116,\"height\":63,\"caption\":\"Angio-oed\u00e8me H\u00e9r\u00e9ditaire du Qu\u00e9bec\"},\"image\":{\"@id\":\"https:\/\/aohq.366technology.com\/#\/schema\/logo\/image\/\"},\"sameAs\":[\"https:\/\/www.facebook.com\/aohquebec\/\",\"https:\/\/x.com\/aoh_quebec\",\"https:\/\/www.linkedin.com\/in\/charles-st-pierre-3280aa140\/\",\"https:\/\/www.youtube.com\/channel\/UCErz6mzQo7Qat9YLNFdg-xw\"]}]}<\/script>\n<!-- \/ Yoast SEO plugin. -->","yoast_head_json":{"title":"Become a Member - Angio-oed\u00e8me H\u00e9r\u00e9ditaire du Qu\u00e9bec","robots":{"index":"index","follow":"follow","max-snippet":"max-snippet:-1","max-image-preview":"max-image-preview:large","max-video-preview":"max-video-preview:-1"},"canonical":"https:\/\/aohq.366technology.com\/en\/become-a-member\/","og_locale":"en_US","og_type":"article","og_title":"Become a Member - Angio-oed\u00e8me H\u00e9r\u00e9ditaire du Qu\u00e9bec","og_description":"[vc_row][vc_column][vc_column_text] BECOME A MEMBER [\/vc_column_text][\/vc_column][\/vc_row][vc_row][vc_column][vc_text_separator title=&#8221;Who can be a member of AOHQuebec?&#8221; color=&#8221;blue&#8221;][\/vc_column][\/vc_row][vc_row][vc_column][vc_column_text] People with hereditary angioedema. The family and immediate surroundings of those affected by the disease. Health professionals who are committed to improving the living conditions of people with hereditary angioedema. [\/vc_column_text][\/vc_column][\/vc_row][vc_row][vc_column][vc_single_image image=&#8221;2167&#8243; img_size=&#8221;large&#8221;][vc_text_separator title=&#8221;What are the advantages?&#8221; color=&#8221;blue&#8221;][\/vc_column][\/vc_row][vc_row][vc_column][vc_column_text] Join our association by&hellip; Read&nbsp;MoreEn&nbsp;savoir&nbsp;plus","og_url":"https:\/\/aohq.366technology.com\/en\/become-a-member\/","og_site_name":"Angio-oed\u00e8me H\u00e9r\u00e9ditaire du Qu\u00e9bec","article_publisher":"https:\/\/www.facebook.com\/aohquebec\/","article_modified_time":"2019-06-20T15:31:33+00:00","og_image":[{"width":1200,"height":630,"url":"https:\/\/aohq.366technology.com\/wp-content\/uploads\/2018\/02\/logo-aoh-final2016-4.png","type":"image\/png"}],"twitter_card":"summary_large_image","twitter_site":"@aoh_quebec","twitter_misc":{"Est. reading time":"1 minute"},"schema":{"@context":"https:\/\/schema.org","@graph":[{"@type":"WebPage","@id":"https:\/\/aohq.366technology.com\/en\/become-a-member\/","url":"https:\/\/aohq.366technology.com\/en\/become-a-member\/","name":"Become a Member - Angio-oed\u00e8me H\u00e9r\u00e9ditaire du Qu\u00e9bec","isPartOf":{"@id":"https:\/\/aohq.366technology.com\/#website"},"datePublished":"2017-11-23T19:03:38+00:00","dateModified":"2019-06-20T15:31:33+00:00","breadcrumb":{"@id":"https:\/\/aohq.366technology.com\/en\/become-a-member\/#breadcrumb"},"inLanguage":"en-US","potentialAction":[{"@type":"ReadAction","target":["https:\/\/aohq.366technology.com\/en\/become-a-member\/"]}]},{"@type":"BreadcrumbList","@id":"https:\/\/aohq.366technology.com\/en\/become-a-member\/#breadcrumb","itemListElement":[{"@type":"ListItem","position":1,"name":"Home","item":"https:\/\/aohq.366technology.com\/en\/"},{"@type":"ListItem","position":2,"name":"Become a Member"}]},{"@type":"WebSite","@id":"https:\/\/aohq.366technology.com\/#website","url":"https:\/\/aohq.366technology.com\/","name":"Angio-oed\u00e8me H\u00e9r\u00e9ditaire du Qu\u00e9bec","description":"Angio-oed\u00e8me H\u00e9r\u00e9ditaire du Qu\u00e9bec","publisher":{"@id":"https:\/\/aohq.366technology.com\/#organization"},"potentialAction":[{"@type":"SearchAction","target":{"@type":"EntryPoint","urlTemplate":"https:\/\/aohq.366technology.com\/?s={search_term_string}"},"query-input":"required name=search_term_string"}],"inLanguage":"en-US"},{"@type":"Organization","@id":"https:\/\/aohq.366technology.com\/#organization","name":"Angio-oed\u00e8me H\u00e9r\u00e9ditaire du Qu\u00e9bec","url":"https:\/\/aohq.366technology.com\/","logo":{"@type":"ImageObject","inLanguage":"en-US","@id":"https:\/\/aohq.366technology.com\/#\/schema\/logo\/image\/","url":"https:\/\/aohq.366technology.com\/wp-content\/uploads\/2019\/06\/AOH-icon_3.png","contentUrl":"https:\/\/aohq.366technology.com\/wp-content\/uploads\/2019\/06\/AOH-icon_3.png","width":116,"height":63,"caption":"Angio-oed\u00e8me H\u00e9r\u00e9ditaire du Qu\u00e9bec"},"image":{"@id":"https:\/\/aohq.366technology.com\/#\/schema\/logo\/image\/"},"sameAs":["https:\/\/www.facebook.com\/aohquebec\/","https:\/\/x.com\/aoh_quebec","https:\/\/www.linkedin.com\/in\/charles-st-pierre-3280aa140\/","https:\/\/www.youtube.com\/channel\/UCErz6mzQo7Qat9YLNFdg-xw"]}]}},"_links":{"self":[{"href":"https:\/\/aohq.366technology.com\/en\/wp-json\/wp\/v2\/pages\/2156"}],"collection":[{"href":"https:\/\/aohq.366technology.com\/en\/wp-json\/wp\/v2\/pages"}],"about":[{"href":"https:\/\/aohq.366technology.com\/en\/wp-json\/wp\/v2\/types\/page"}],"author":[{"embeddable":true,"href":"https:\/\/aohq.366technology.com\/en\/wp-json\/wp\/v2\/users\/1"}],"replies":[{"embeddable":true,"href":"https:\/\/aohq.366technology.com\/en\/wp-json\/wp\/v2\/comments?post=2156"}],"version-history":[{"count":0,"href":"https:\/\/aohq.366technology.com\/en\/wp-json\/wp\/v2\/pages\/2156\/revisions"}],"wp:attachment":[{"href":"https:\/\/aohq.366technology.com\/en\/wp-json\/wp\/v2\/media?parent=2156"}],"curies":[{"name":"wp","href":"https:\/\/api.w.org\/{rel}","templated":true}]}}