{"id":2045,"date":"2017-11-07T14:04:00","date_gmt":"2017-11-07T14:04:00","guid":{"rendered":"http:\/\/powerme.ca\/?page_id=2045"},"modified":"2018-03-21T16:36:34","modified_gmt":"2018-03-21T16:36:34","slug":"types-hae","status":"publish","type":"page","link":"https:\/\/aohq.366technology.com\/en\/definition-hae\/types-hae\/","title":{"rendered":"Types of HAE"},"content":{"rendered":"<div class=\"wpb-content-wrapper\"><p>[vc_row][vc_column][vc_column_text]<\/p>\n<h1 style=\"text-align: center;\"><strong>TYPES OF HAE<\/strong><\/h1>\n<p>[\/vc_column_text][vc_toggle title=&#8221;Type I&#8221; style=&#8221;round&#8221; color=&#8221;blue&#8221; size=&#8221;lg&#8221;]The concentration of C1-INH is low. About 80 to 85% of people with HAE are Type I, making it the most common type of HAE. HAE type I occurs in both women and men in equal proportion.[\/vc_toggle][vc_toggle title=&#8221;Type II&#8221; style=&#8221;round&#8221; color=&#8221;blue&#8221; size=&#8221;lg&#8221;]The concentration of C1-INH is normal, but the C1-INH present is not functioning properly. About 15 to 20% of people with HAE are Type II, making it the second most common type of HAE. HAE type II occurs in both women and men in equal proportion.[\/vc_toggle][vc_toggle title=&#8221;Type III&#8221; style=&#8221;round&#8221; color=&#8221;blue&#8221; size=&#8221;lg&#8221;]<\/p>\n<div class=\"vc_toggle vc_toggle_round vc_toggle_color_blue vc_toggle_size_lg vc_toggle_active\">\n<div class=\"vc_toggle_content\">\n<p>The concentration of C1-INH is normal, but the individual has symptoms of HAE. This is a rare form that is not yet fully understood. Type III HAE is most commonly seen in women. More and more cases are identified.<\/p>\n<\/div>\n<\/div>\n<p>[\/vc_toggle][vc_empty_space][vc_separator color=&#8221;blue&#8221;][vc_column_text]<\/p>\n<h1 style=\"text-align: center;\"><strong>HAE at different stages of life<\/strong><\/h1>\n<p>[\/vc_column_text][\/vc_column][\/vc_row][vc_row][vc_column][vc_column_text]<\/p>\n<p style=\"text-align: center;\">If you have been diagnosed with HAE, or one of your relatives, you may have some concerns regarding the possibility of living a better, satisfying and active life. Be assured that it is possible. \u00a0The majority of patients suffering from HAE are able to manage the disease with the proper medication and a healthy lifestyle.<\/p>\n<p style=\"text-align: center;\">Remember that knowledge is the key, the more you know about the repercussions , the easier it is to manage HAE.<\/p>\n<p style=\"text-align: center;\">With close follow-ups by your physician and nurses, the patient can benefit of a better quality of life.<\/p>\n<p>[\/vc_column_text][\/vc_column][\/vc_row][vc_row][vc_column][vc_text_separator title=&#8221;Among children&#8221; color=&#8221;blue&#8221;][\/vc_column][\/vc_row][vc_row][vc_column][vc_column_text]In families affected by HAE, all children after age 2 should be tested for their C4 concentration (another protein that stabilizes their immune system and is responsible for HAE type II). Also, C1-INH should be tested.<\/p>\n<p>Even if a child has no symptoms, an early diagnosis may help you prepare for future attacks.<\/p>\n<p>Physicians report that their youngest HAE patients tend to be preschoolers rather than infants or toddlers. However, many people do not experience any attacks whatsoever until their teen years, or later.<\/p>\n<p>If your child experiences any attack, remember that he or she has way much more difficulty conveying discomfort, pain and other symptoms. Help him or her \u201cdescribe\u201d what they are feeling and try to see if anything triggered their attacks.<\/p>\n<p>During the child\u2019s growth, help him or her identify and name the different symptoms.<\/p>\n<p>If your child is diagnosed with HAE, inform the healthcare professionals at your child\u2019s day care, school, summer camp, and after-school programs. HAE Quebec (<a href=\"https:\/\/www.aohq.ca\/\">www.aohq.ca<\/a>) can supply you with a medical ID card with the following information on it; emergency phone numbers (parents and physician) and also the different emergency steps if the child is victim of an HAE attack.[\/vc_column_text][\/vc_column][\/vc_row][vc_row][vc_column][vc_single_image image=&#8221;2141&#8243; img_size=&#8221;large&#8221; alignment=&#8221;center&#8221;][\/vc_column][\/vc_row][vc_row][vc_column][vc_text_separator title=&#8221;Among teenagers&#8221; color=&#8221;blue&#8221;][\/vc_column][\/vc_row][vc_row][vc_column][vc_column_text]Hormonal and emotional changes increase during the teenage years. As result, many patients report the onset of their first HAE attack during puberty.<\/p>\n<p>In addition, several individuals reported changes in the location, severity, and frequency of their symptoms and reactions as the teenage years unfold.<\/p>\n<p><a href=\"https:\/\/www.aohq.ca\/wp-content\/uploads\/2017\/11\/iStock-612266676.jpg\"><img loading=\"lazy\" decoding=\"async\" class=\"wp-image-2181 alignleft\" src=\"https:\/\/www.aohq.ca\/wp-content\/uploads\/2017\/11\/iStock-612266676-300x200.jpg\" alt=\"\" width=\"368\" height=\"245\" srcset=\"https:\/\/aohq.366technology.com\/wp-content\/uploads\/2017\/11\/iStock-612266676-300x200.jpg 300w, https:\/\/aohq.366technology.com\/wp-content\/uploads\/2017\/11\/iStock-612266676-768x512.jpg 768w, https:\/\/aohq.366technology.com\/wp-content\/uploads\/2017\/11\/iStock-612266676-1024x683.jpg 1024w, https:\/\/aohq.366technology.com\/wp-content\/uploads\/2017\/11\/iStock-612266676-700x466.jpg 700w, https:\/\/aohq.366technology.com\/wp-content\/uploads\/2017\/11\/iStock-612266676.jpg 1254w\" sizes=\"(max-width: 368px) 100vw, 368px\" \/><\/a><\/p>\n<p>With the growing independence of young teenagers who spend more time away from home, it becomes even more important that they carry medical information. A medical alert identification bracelet, a card in the wallet or purse and awareness of the medical problem among the circle of close friends of the teenager.<\/p>\n<p>During adolescence, complete responsibility for the child\u2019s health must gradually shift from the parents to the teenager. Hence the importance of educating your teen as early as possible to the risks and dangers of the disease if not treated and supervised. Your teenager\u2019s health awareness of triggers, warning signs and treatment options will help in the making of the transition to the adult world.[\/vc_column_text][vc_empty_space][vc_empty_space][\/vc_column][\/vc_row][vc_row][vc_column][vc_text_separator title=&#8221;Among adults&#8221; color=&#8221;blue&#8221;][\/vc_column][\/vc_row][vc_row][vc_column][vc_column_text]Living with HAE means that you need to understand how your personal triggers initiate a crisis and how your doctor and you can best manage your HAE.<\/p>\n<p>Although the causes of HAE attacks have not been definitively established, attacks are often triggered by emotional or physical trauma, surgical interventions or even minor dental procedures.<\/p>\n<p>Any physiological and psychological change can cause a crisis. Hormonal variations have been associated with increased attacks in women.<\/p>\n<p>Several young women report changes in the frequency and severity of their HAE attacks when using contraceptives that contain estrogen. Doctors usually recommend that women with HAE only use contraceptives that do not contain estrogen.<\/p>\n<p>Other drugs may also have an impact on HAE attacks. Before you start taking a new medicine, make sure you have discussed it with your HAE specialist. If you have trouble finding an HAE specialist, please contact us (<a href=\"https:\/\/www.aohq.ca\/\">www.aohq.ca<\/a>) and we will arrange for you to get a consultation within a reasonable laps of time.[\/vc_column_text][\/vc_column][\/vc_row][vc_row][vc_column][vc_single_image image=&#8221;2801&#8243; img_size=&#8221;large&#8221; alignment=&#8221;center&#8221;][\/vc_column][\/vc_row]<\/p>\n<\/div>","protected":false},"excerpt":{"rendered":"<p>[vc_row][vc_column][vc_column_text] TYPES OF HAE [\/vc_column_text][vc_toggle title=&#8221;Type I&#8221; style=&#8221;round&#8221; color=&#8221;blue&#8221; size=&#8221;lg&#8221;]The concentration of C1-INH is low. About 80 to 85% of people with HAE are Type I, making it the most common type of HAE. HAE type I occurs in both women and men in equal proportion.[\/vc_toggle][vc_toggle title=&#8221;Type II&#8221; style=&#8221;round&#8221; color=&#8221;blue&#8221; size=&#8221;lg&#8221;]The concentration of C1-INH is&hellip; <a class=\"english moretag\" \n href=\"https:\/\/aohq.366technology.com\/en\/definition-hae\/types-hae\/\">Read&nbsp;More<\/a><a class=\"french moretag\" \n href=\"https:\/\/aohq.366technology.com\/en\/definition-hae\/types-hae\/\">En&nbsp;savoir&nbsp;plus<\/a><\/p>\n","protected":false},"author":1,"featured_media":0,"parent":2027,"menu_order":0,"comment_status":"closed","ping_status":"closed","template":"","meta":{"_acf_changed":false,"footnotes":""},"class_list":["post-2045","page","type-page","status-publish","hentry"],"acf":[],"yoast_head":"<!-- This site is optimized with the Yoast SEO plugin v23.3 - https:\/\/yoast.com\/wordpress\/plugins\/seo\/ -->\n<title>Types of HAE - Angio-oed\u00e8me H\u00e9r\u00e9ditaire du Qu\u00e9bec<\/title>\n<meta name=\"robots\" content=\"index, follow, max-snippet:-1, max-image-preview:large, max-video-preview:-1\" \/>\n<link rel=\"canonical\" href=\"https:\/\/aohq.366technology.com\/en\/definition-hae\/types-hae\/\" \/>\n<meta property=\"og:locale\" content=\"en_US\" \/>\n<meta property=\"og:type\" content=\"article\" \/>\n<meta property=\"og:title\" content=\"Types of HAE - Angio-oed\u00e8me H\u00e9r\u00e9ditaire du Qu\u00e9bec\" \/>\n<meta property=\"og:description\" content=\"[vc_row][vc_column][vc_column_text] TYPES OF HAE [\/vc_column_text][vc_toggle title=&#8221;Type I&#8221; style=&#8221;round&#8221; color=&#8221;blue&#8221; size=&#8221;lg&#8221;]The concentration of C1-INH is low. About 80 to 85% of people with HAE are Type I, making it the most common type of HAE. HAE type I occurs in both women and men in equal proportion.[\/vc_toggle][vc_toggle title=&#8221;Type II&#8221; style=&#8221;round&#8221; color=&#8221;blue&#8221; size=&#8221;lg&#8221;]The concentration of C1-INH is&hellip; Read&nbsp;MoreEn&nbsp;savoir&nbsp;plus\" \/>\n<meta property=\"og:url\" content=\"https:\/\/aohq.366technology.com\/en\/definition-hae\/types-hae\/\" \/>\n<meta property=\"og:site_name\" content=\"Angio-oed\u00e8me H\u00e9r\u00e9ditaire du Qu\u00e9bec\" \/>\n<meta property=\"article:publisher\" content=\"https:\/\/www.facebook.com\/aohquebec\/\" \/>\n<meta property=\"article:modified_time\" content=\"2018-03-21T16:36:34+00:00\" \/>\n<meta property=\"og:image\" content=\"https:\/\/aohq.366technology.com\/wp-content\/uploads\/2018\/02\/logo-aoh-final2016-4.png\" \/>\n\t<meta property=\"og:image:width\" content=\"1200\" \/>\n\t<meta property=\"og:image:height\" content=\"630\" \/>\n\t<meta property=\"og:image:type\" content=\"image\/png\" \/>\n<meta name=\"twitter:card\" content=\"summary_large_image\" \/>\n<meta name=\"twitter:site\" content=\"@aoh_quebec\" \/>\n<meta name=\"twitter:label1\" content=\"Est. reading time\" \/>\n\t<meta name=\"twitter:data1\" content=\"5 minutes\" \/>\n<script type=\"application\/ld+json\" class=\"yoast-schema-graph\">{\"@context\":\"https:\/\/schema.org\",\"@graph\":[{\"@type\":\"WebPage\",\"@id\":\"https:\/\/aohq.366technology.com\/en\/definition-hae\/types-hae\/\",\"url\":\"https:\/\/aohq.366technology.com\/en\/definition-hae\/types-hae\/\",\"name\":\"Types of HAE - Angio-oed\u00e8me H\u00e9r\u00e9ditaire du Qu\u00e9bec\",\"isPartOf\":{\"@id\":\"https:\/\/aohq.366technology.com\/#website\"},\"primaryImageOfPage\":{\"@id\":\"https:\/\/aohq.366technology.com\/en\/definition-hae\/types-hae\/#primaryimage\"},\"image\":{\"@id\":\"https:\/\/aohq.366technology.com\/en\/definition-hae\/types-hae\/#primaryimage\"},\"thumbnailUrl\":\"https:\/\/www.aohq.ca\/wp-content\/uploads\/2017\/11\/iStock-612266676-300x200.jpg\",\"datePublished\":\"2017-11-07T14:04:00+00:00\",\"dateModified\":\"2018-03-21T16:36:34+00:00\",\"breadcrumb\":{\"@id\":\"https:\/\/aohq.366technology.com\/en\/definition-hae\/types-hae\/#breadcrumb\"},\"inLanguage\":\"en-US\",\"potentialAction\":[{\"@type\":\"ReadAction\",\"target\":[\"https:\/\/aohq.366technology.com\/en\/definition-hae\/types-hae\/\"]}]},{\"@type\":\"ImageObject\",\"inLanguage\":\"en-US\",\"@id\":\"https:\/\/aohq.366technology.com\/en\/definition-hae\/types-hae\/#primaryimage\",\"url\":\"https:\/\/www.aohq.ca\/wp-content\/uploads\/2017\/11\/iStock-612266676-300x200.jpg\",\"contentUrl\":\"https:\/\/www.aohq.ca\/wp-content\/uploads\/2017\/11\/iStock-612266676-300x200.jpg\"},{\"@type\":\"BreadcrumbList\",\"@id\":\"https:\/\/aohq.366technology.com\/en\/definition-hae\/types-hae\/#breadcrumb\",\"itemListElement\":[{\"@type\":\"ListItem\",\"position\":1,\"name\":\"Home\",\"item\":\"https:\/\/aohq.366technology.com\/en\/\"},{\"@type\":\"ListItem\",\"position\":2,\"name\":\"Definition of HAE\",\"item\":\"https:\/\/aohq.366technology.com\/en\/definition-hae\/\"},{\"@type\":\"ListItem\",\"position\":3,\"name\":\"Types of HAE\"}]},{\"@type\":\"WebSite\",\"@id\":\"https:\/\/aohq.366technology.com\/#website\",\"url\":\"https:\/\/aohq.366technology.com\/\",\"name\":\"Angio-oed\u00e8me H\u00e9r\u00e9ditaire du Qu\u00e9bec\",\"description\":\"Angio-oed\u00e8me H\u00e9r\u00e9ditaire du Qu\u00e9bec\",\"publisher\":{\"@id\":\"https:\/\/aohq.366technology.com\/#organization\"},\"potentialAction\":[{\"@type\":\"SearchAction\",\"target\":{\"@type\":\"EntryPoint\",\"urlTemplate\":\"https:\/\/aohq.366technology.com\/?s={search_term_string}\"},\"query-input\":\"required name=search_term_string\"}],\"inLanguage\":\"en-US\"},{\"@type\":\"Organization\",\"@id\":\"https:\/\/aohq.366technology.com\/#organization\",\"name\":\"Angio-oed\u00e8me H\u00e9r\u00e9ditaire du Qu\u00e9bec\",\"url\":\"https:\/\/aohq.366technology.com\/\",\"logo\":{\"@type\":\"ImageObject\",\"inLanguage\":\"en-US\",\"@id\":\"https:\/\/aohq.366technology.com\/#\/schema\/logo\/image\/\",\"url\":\"https:\/\/aohq.366technology.com\/wp-content\/uploads\/2019\/06\/AOH-icon_3.png\",\"contentUrl\":\"https:\/\/aohq.366technology.com\/wp-content\/uploads\/2019\/06\/AOH-icon_3.png\",\"width\":116,\"height\":63,\"caption\":\"Angio-oed\u00e8me H\u00e9r\u00e9ditaire du Qu\u00e9bec\"},\"image\":{\"@id\":\"https:\/\/aohq.366technology.com\/#\/schema\/logo\/image\/\"},\"sameAs\":[\"https:\/\/www.facebook.com\/aohquebec\/\",\"https:\/\/x.com\/aoh_quebec\",\"https:\/\/www.linkedin.com\/in\/charles-st-pierre-3280aa140\/\",\"https:\/\/www.youtube.com\/channel\/UCErz6mzQo7Qat9YLNFdg-xw\"]}]}<\/script>\n<!-- \/ Yoast SEO plugin. -->","yoast_head_json":{"title":"Types of HAE - Angio-oed\u00e8me H\u00e9r\u00e9ditaire du Qu\u00e9bec","robots":{"index":"index","follow":"follow","max-snippet":"max-snippet:-1","max-image-preview":"max-image-preview:large","max-video-preview":"max-video-preview:-1"},"canonical":"https:\/\/aohq.366technology.com\/en\/definition-hae\/types-hae\/","og_locale":"en_US","og_type":"article","og_title":"Types of HAE - Angio-oed\u00e8me H\u00e9r\u00e9ditaire du Qu\u00e9bec","og_description":"[vc_row][vc_column][vc_column_text] TYPES OF HAE [\/vc_column_text][vc_toggle title=&#8221;Type I&#8221; style=&#8221;round&#8221; color=&#8221;blue&#8221; size=&#8221;lg&#8221;]The concentration of C1-INH is low. About 80 to 85% of people with HAE are Type I, making it the most common type of HAE. HAE type I occurs in both women and men in equal proportion.[\/vc_toggle][vc_toggle title=&#8221;Type II&#8221; style=&#8221;round&#8221; color=&#8221;blue&#8221; size=&#8221;lg&#8221;]The concentration of C1-INH is&hellip; Read&nbsp;MoreEn&nbsp;savoir&nbsp;plus","og_url":"https:\/\/aohq.366technology.com\/en\/definition-hae\/types-hae\/","og_site_name":"Angio-oed\u00e8me H\u00e9r\u00e9ditaire du Qu\u00e9bec","article_publisher":"https:\/\/www.facebook.com\/aohquebec\/","article_modified_time":"2018-03-21T16:36:34+00:00","og_image":[{"width":1200,"height":630,"url":"https:\/\/aohq.366technology.com\/wp-content\/uploads\/2018\/02\/logo-aoh-final2016-4.png","type":"image\/png"}],"twitter_card":"summary_large_image","twitter_site":"@aoh_quebec","twitter_misc":{"Est. reading time":"5 minutes"},"schema":{"@context":"https:\/\/schema.org","@graph":[{"@type":"WebPage","@id":"https:\/\/aohq.366technology.com\/en\/definition-hae\/types-hae\/","url":"https:\/\/aohq.366technology.com\/en\/definition-hae\/types-hae\/","name":"Types of HAE - Angio-oed\u00e8me H\u00e9r\u00e9ditaire du Qu\u00e9bec","isPartOf":{"@id":"https:\/\/aohq.366technology.com\/#website"},"primaryImageOfPage":{"@id":"https:\/\/aohq.366technology.com\/en\/definition-hae\/types-hae\/#primaryimage"},"image":{"@id":"https:\/\/aohq.366technology.com\/en\/definition-hae\/types-hae\/#primaryimage"},"thumbnailUrl":"https:\/\/www.aohq.ca\/wp-content\/uploads\/2017\/11\/iStock-612266676-300x200.jpg","datePublished":"2017-11-07T14:04:00+00:00","dateModified":"2018-03-21T16:36:34+00:00","breadcrumb":{"@id":"https:\/\/aohq.366technology.com\/en\/definition-hae\/types-hae\/#breadcrumb"},"inLanguage":"en-US","potentialAction":[{"@type":"ReadAction","target":["https:\/\/aohq.366technology.com\/en\/definition-hae\/types-hae\/"]}]},{"@type":"ImageObject","inLanguage":"en-US","@id":"https:\/\/aohq.366technology.com\/en\/definition-hae\/types-hae\/#primaryimage","url":"https:\/\/www.aohq.ca\/wp-content\/uploads\/2017\/11\/iStock-612266676-300x200.jpg","contentUrl":"https:\/\/www.aohq.ca\/wp-content\/uploads\/2017\/11\/iStock-612266676-300x200.jpg"},{"@type":"BreadcrumbList","@id":"https:\/\/aohq.366technology.com\/en\/definition-hae\/types-hae\/#breadcrumb","itemListElement":[{"@type":"ListItem","position":1,"name":"Home","item":"https:\/\/aohq.366technology.com\/en\/"},{"@type":"ListItem","position":2,"name":"Definition of HAE","item":"https:\/\/aohq.366technology.com\/en\/definition-hae\/"},{"@type":"ListItem","position":3,"name":"Types of HAE"}]},{"@type":"WebSite","@id":"https:\/\/aohq.366technology.com\/#website","url":"https:\/\/aohq.366technology.com\/","name":"Angio-oed\u00e8me H\u00e9r\u00e9ditaire du Qu\u00e9bec","description":"Angio-oed\u00e8me H\u00e9r\u00e9ditaire du Qu\u00e9bec","publisher":{"@id":"https:\/\/aohq.366technology.com\/#organization"},"potentialAction":[{"@type":"SearchAction","target":{"@type":"EntryPoint","urlTemplate":"https:\/\/aohq.366technology.com\/?s={search_term_string}"},"query-input":"required name=search_term_string"}],"inLanguage":"en-US"},{"@type":"Organization","@id":"https:\/\/aohq.366technology.com\/#organization","name":"Angio-oed\u00e8me H\u00e9r\u00e9ditaire du Qu\u00e9bec","url":"https:\/\/aohq.366technology.com\/","logo":{"@type":"ImageObject","inLanguage":"en-US","@id":"https:\/\/aohq.366technology.com\/#\/schema\/logo\/image\/","url":"https:\/\/aohq.366technology.com\/wp-content\/uploads\/2019\/06\/AOH-icon_3.png","contentUrl":"https:\/\/aohq.366technology.com\/wp-content\/uploads\/2019\/06\/AOH-icon_3.png","width":116,"height":63,"caption":"Angio-oed\u00e8me H\u00e9r\u00e9ditaire du Qu\u00e9bec"},"image":{"@id":"https:\/\/aohq.366technology.com\/#\/schema\/logo\/image\/"},"sameAs":["https:\/\/www.facebook.com\/aohquebec\/","https:\/\/x.com\/aoh_quebec","https:\/\/www.linkedin.com\/in\/charles-st-pierre-3280aa140\/","https:\/\/www.youtube.com\/channel\/UCErz6mzQo7Qat9YLNFdg-xw"]}]}},"_links":{"self":[{"href":"https:\/\/aohq.366technology.com\/en\/wp-json\/wp\/v2\/pages\/2045"}],"collection":[{"href":"https:\/\/aohq.366technology.com\/en\/wp-json\/wp\/v2\/pages"}],"about":[{"href":"https:\/\/aohq.366technology.com\/en\/wp-json\/wp\/v2\/types\/page"}],"author":[{"embeddable":true,"href":"https:\/\/aohq.366technology.com\/en\/wp-json\/wp\/v2\/users\/1"}],"replies":[{"embeddable":true,"href":"https:\/\/aohq.366technology.com\/en\/wp-json\/wp\/v2\/comments?post=2045"}],"version-history":[{"count":0,"href":"https:\/\/aohq.366technology.com\/en\/wp-json\/wp\/v2\/pages\/2045\/revisions"}],"up":[{"embeddable":true,"href":"https:\/\/aohq.366technology.com\/en\/wp-json\/wp\/v2\/pages\/2027"}],"wp:attachment":[{"href":"https:\/\/aohq.366technology.com\/en\/wp-json\/wp\/v2\/media?parent=2045"}],"curies":[{"name":"wp","href":"https:\/\/api.w.org\/{rel}","templated":true}]}}