{"id":2031,"date":"2017-11-07T13:56:02","date_gmt":"2017-11-07T13:56:02","guid":{"rendered":"http:\/\/powerme.ca\/?page_id=2031"},"modified":"2018-05-10T15:26:25","modified_gmt":"2018-05-10T15:26:25","slug":"genetic-disease","status":"publish","type":"page","link":"https:\/\/aohq.366technology.com\/en\/definition-hae\/genetic-disease\/","title":{"rendered":"Genetic Disease"},"content":{"rendered":"<div class=\"wpb-content-wrapper\"><p>[vc_row][vc_column][vc_column_text]<\/p>\n<h2 class=\"img-indent-bot\" style=\"text-align: center;\"><strong>What is Hereditary Angioedema?<\/strong><\/h2>\n<p>Hereditary angioedema (HAE) is a poorly known inherited disorder that can cause significant swelling in different parts of the body, such as the abdomen and face. Depending on the severity of the disease, some individuals will experience multiple crisis, while others will see months or even years pass without experiencing swelling attacks.<\/p>\n<p>Doctors refer to this type of swelling as edema. In HAE, this edema is caused by a malfunction or an insufficient amount of a protein called C1-esterase inhibitor (C1-INH). C1-INH is part of the body\u2019s immune system, which recognizes and attacks foreign invaders, such as viruses or bacterias.<\/p>\n<p>C1-INH is involved in several different reactions of the immune system. Without an adequate amount of C1-INH, blood vessels may become less permeable and leaks may occur, allowing fluid to build up in the tissues, resulting in swelling. In HAE, this swelling can occur almost anywhere in the body, but is most often seen in one of the following areas:<\/p>\n<p><a href=\"http:\/\/powerme.ca\/wp-content\/uploads\/2017\/11\/iStock-627477962-3-1.jpg\"><img loading=\"lazy\" decoding=\"async\" class=\" wp-image-2093 alignleft\" src=\"http:\/\/powerme.ca\/wp-content\/uploads\/2017\/11\/iStock-627477962-3-1-300x240.jpg\" alt=\"\" width=\"293\" height=\"234\" srcset=\"https:\/\/aohq.366technology.com\/wp-content\/uploads\/2017\/11\/iStock-627477962-3-1-300x240.jpg 300w, https:\/\/aohq.366technology.com\/wp-content\/uploads\/2017\/11\/iStock-627477962-3-1-768x614.jpg 768w, https:\/\/aohq.366technology.com\/wp-content\/uploads\/2017\/11\/iStock-627477962-3-1-1024x819.jpg 1024w\" sizes=\"(max-width: 293px) 100vw, 293px\" \/><\/a><\/p>\n<p>&nbsp;<\/p>\n<ul>\n<li class=\"img-indent-bot\">\n<h5><strong>Extremities (hands, feet, arms, legs)<\/strong><\/h5>\n<\/li>\n<li class=\"img-indent-bot\">\n<h5><strong>Intestines (abdomen)<\/strong><\/h5>\n<\/li>\n<li class=\"img-indent-bot\">\n<h5><strong>Face;<\/strong><\/h5>\n<\/li>\n<li class=\"img-indent-bot\">\n<h5><strong>Larynx (throat);<\/strong><\/h5>\n<\/li>\n<li class=\"img-indent-bot\">\n<h5><strong>Genitals<\/strong><\/h5>\n<\/li>\n<\/ul>\n<div>\n<div class=\"txt\">\n<p>&nbsp;<\/p>\n<p>Unlike allergic reactions, which affect both sides of the body, HAE attacks can occur only on one side of the body. Example, only the right hand becomes swollen, not the left, or vice versa. Moreover, those crises can be debilitating. For example, swelling affecting the intestines can cause severe abdominal pain, even more painful than childbirth.<\/p>\n<p>However, the most serious attacks are those that affect the throat or larynx. These laryngeal crisis can be life-threatening as they can prevent air supply to the lungs, cause a respiratory arrest, even cause death.<\/p>\n<\/div>\n<p>&nbsp;<\/p>\n<\/div>\n<p>[\/vc_column_text][vc_single_image image=&#8221;2254&#8243; img_size=&#8221;large&#8221; alignment=&#8221;center&#8221;][vc_single_image image=&#8221;2795&#8243; img_size=&#8221;large&#8221; alignment=&#8221;center&#8221;][\/vc_column][\/vc_row][vc_row][vc_column][vc_separator color=&#8221;blue&#8221;][\/vc_column][\/vc_row][vc_row][vc_column][vc_btn title=&#8221;Contact Us Now&#8221; color=&#8221;primary&#8221; size=&#8221;lg&#8221; align=&#8221;center&#8221; button_block=&#8221;true&#8221; link=&#8221;url:http%3A%2F%2Faohq.ca%2Fen%2Fcontact%2F|title:Contact%20Us%20Now||&#8221;][\/vc_column][\/vc_row]<\/p>\n<\/div>","protected":false},"excerpt":{"rendered":"<p>[vc_row][vc_column][vc_column_text] What is Hereditary Angioedema? Hereditary angioedema (HAE) is a poorly known inherited disorder that can cause significant swelling in different parts of the body, such as the abdomen and face. Depending on the severity of the disease, some individuals will experience multiple crisis, while others will see months or even years pass without experiencing&hellip; <a class=\"english moretag\" \n href=\"https:\/\/aohq.366technology.com\/en\/definition-hae\/genetic-disease\/\">Read&nbsp;More<\/a><a class=\"french moretag\" \n href=\"https:\/\/aohq.366technology.com\/en\/definition-hae\/genetic-disease\/\">En&nbsp;savoir&nbsp;plus<\/a><\/p>\n","protected":false},"author":1,"featured_media":0,"parent":2027,"menu_order":0,"comment_status":"closed","ping_status":"closed","template":"","meta":{"_acf_changed":false,"footnotes":""},"class_list":["post-2031","page","type-page","status-publish","hentry"],"acf":[],"yoast_head":"<!-- This site is optimized with the Yoast SEO plugin v23.3 - https:\/\/yoast.com\/wordpress\/plugins\/seo\/ -->\n<title>Genetic Disease - Angio-oed\u00e8me H\u00e9r\u00e9ditaire du Qu\u00e9bec<\/title>\n<meta name=\"robots\" content=\"index, follow, max-snippet:-1, max-image-preview:large, max-video-preview:-1\" \/>\n<link rel=\"canonical\" href=\"https:\/\/aohq.366technology.com\/en\/definition-hae\/genetic-disease\/\" \/>\n<meta property=\"og:locale\" content=\"en_US\" \/>\n<meta property=\"og:type\" content=\"article\" \/>\n<meta property=\"og:title\" content=\"Genetic Disease - Angio-oed\u00e8me H\u00e9r\u00e9ditaire du Qu\u00e9bec\" \/>\n<meta property=\"og:description\" content=\"[vc_row][vc_column][vc_column_text] What is Hereditary Angioedema? Hereditary angioedema (HAE) is a poorly known inherited disorder that can cause significant swelling in different parts of the body, such as the abdomen and face. Depending on the severity of the disease, some individuals will experience multiple crisis, while others will see months or even years pass without experiencing&hellip; Read&nbsp;MoreEn&nbsp;savoir&nbsp;plus\" \/>\n<meta property=\"og:url\" content=\"https:\/\/aohq.366technology.com\/en\/definition-hae\/genetic-disease\/\" \/>\n<meta property=\"og:site_name\" content=\"Angio-oed\u00e8me H\u00e9r\u00e9ditaire du Qu\u00e9bec\" \/>\n<meta property=\"article:publisher\" content=\"https:\/\/www.facebook.com\/aohquebec\/\" \/>\n<meta property=\"article:modified_time\" content=\"2018-05-10T15:26:25+00:00\" \/>\n<meta property=\"og:image\" content=\"https:\/\/aohq.366technology.com\/wp-content\/uploads\/2018\/02\/logo-aoh-final2016-4.png\" \/>\n\t<meta property=\"og:image:width\" content=\"1200\" \/>\n\t<meta property=\"og:image:height\" content=\"630\" \/>\n\t<meta property=\"og:image:type\" content=\"image\/png\" \/>\n<meta name=\"twitter:card\" content=\"summary_large_image\" \/>\n<meta name=\"twitter:site\" content=\"@aoh_quebec\" \/>\n<meta name=\"twitter:label1\" content=\"Est. reading time\" \/>\n\t<meta name=\"twitter:data1\" content=\"2 minutes\" \/>\n<script type=\"application\/ld+json\" class=\"yoast-schema-graph\">{\"@context\":\"https:\/\/schema.org\",\"@graph\":[{\"@type\":\"WebPage\",\"@id\":\"https:\/\/aohq.366technology.com\/en\/definition-hae\/genetic-disease\/\",\"url\":\"https:\/\/aohq.366technology.com\/en\/definition-hae\/genetic-disease\/\",\"name\":\"Genetic Disease - Angio-oed\u00e8me H\u00e9r\u00e9ditaire du Qu\u00e9bec\",\"isPartOf\":{\"@id\":\"https:\/\/aohq.366technology.com\/#website\"},\"primaryImageOfPage\":{\"@id\":\"https:\/\/aohq.366technology.com\/en\/definition-hae\/genetic-disease\/#primaryimage\"},\"image\":{\"@id\":\"https:\/\/aohq.366technology.com\/en\/definition-hae\/genetic-disease\/#primaryimage\"},\"thumbnailUrl\":\"http:\/\/powerme.ca\/wp-content\/uploads\/2017\/11\/iStock-627477962-3-1-300x240.jpg\",\"datePublished\":\"2017-11-07T13:56:02+00:00\",\"dateModified\":\"2018-05-10T15:26:25+00:00\",\"breadcrumb\":{\"@id\":\"https:\/\/aohq.366technology.com\/en\/definition-hae\/genetic-disease\/#breadcrumb\"},\"inLanguage\":\"en-US\",\"potentialAction\":[{\"@type\":\"ReadAction\",\"target\":[\"https:\/\/aohq.366technology.com\/en\/definition-hae\/genetic-disease\/\"]}]},{\"@type\":\"ImageObject\",\"inLanguage\":\"en-US\",\"@id\":\"https:\/\/aohq.366technology.com\/en\/definition-hae\/genetic-disease\/#primaryimage\",\"url\":\"http:\/\/powerme.ca\/wp-content\/uploads\/2017\/11\/iStock-627477962-3-1-300x240.jpg\",\"contentUrl\":\"http:\/\/powerme.ca\/wp-content\/uploads\/2017\/11\/iStock-627477962-3-1-300x240.jpg\"},{\"@type\":\"BreadcrumbList\",\"@id\":\"https:\/\/aohq.366technology.com\/en\/definition-hae\/genetic-disease\/#breadcrumb\",\"itemListElement\":[{\"@type\":\"ListItem\",\"position\":1,\"name\":\"Home\",\"item\":\"https:\/\/aohq.366technology.com\/en\/\"},{\"@type\":\"ListItem\",\"position\":2,\"name\":\"Definition of HAE\",\"item\":\"https:\/\/aohq.366technology.com\/en\/definition-hae\/\"},{\"@type\":\"ListItem\",\"position\":3,\"name\":\"Genetic Disease\"}]},{\"@type\":\"WebSite\",\"@id\":\"https:\/\/aohq.366technology.com\/#website\",\"url\":\"https:\/\/aohq.366technology.com\/\",\"name\":\"Angio-oed\u00e8me H\u00e9r\u00e9ditaire du Qu\u00e9bec\",\"description\":\"Angio-oed\u00e8me H\u00e9r\u00e9ditaire du Qu\u00e9bec\",\"publisher\":{\"@id\":\"https:\/\/aohq.366technology.com\/#organization\"},\"potentialAction\":[{\"@type\":\"SearchAction\",\"target\":{\"@type\":\"EntryPoint\",\"urlTemplate\":\"https:\/\/aohq.366technology.com\/?s={search_term_string}\"},\"query-input\":\"required name=search_term_string\"}],\"inLanguage\":\"en-US\"},{\"@type\":\"Organization\",\"@id\":\"https:\/\/aohq.366technology.com\/#organization\",\"name\":\"Angio-oed\u00e8me H\u00e9r\u00e9ditaire du Qu\u00e9bec\",\"url\":\"https:\/\/aohq.366technology.com\/\",\"logo\":{\"@type\":\"ImageObject\",\"inLanguage\":\"en-US\",\"@id\":\"https:\/\/aohq.366technology.com\/#\/schema\/logo\/image\/\",\"url\":\"https:\/\/aohq.366technology.com\/wp-content\/uploads\/2019\/06\/AOH-icon_3.png\",\"contentUrl\":\"https:\/\/aohq.366technology.com\/wp-content\/uploads\/2019\/06\/AOH-icon_3.png\",\"width\":116,\"height\":63,\"caption\":\"Angio-oed\u00e8me H\u00e9r\u00e9ditaire du Qu\u00e9bec\"},\"image\":{\"@id\":\"https:\/\/aohq.366technology.com\/#\/schema\/logo\/image\/\"},\"sameAs\":[\"https:\/\/www.facebook.com\/aohquebec\/\",\"https:\/\/x.com\/aoh_quebec\",\"https:\/\/www.linkedin.com\/in\/charles-st-pierre-3280aa140\/\",\"https:\/\/www.youtube.com\/channel\/UCErz6mzQo7Qat9YLNFdg-xw\"]}]}<\/script>\n<!-- \/ Yoast SEO plugin. -->","yoast_head_json":{"title":"Genetic Disease - Angio-oed\u00e8me H\u00e9r\u00e9ditaire du Qu\u00e9bec","robots":{"index":"index","follow":"follow","max-snippet":"max-snippet:-1","max-image-preview":"max-image-preview:large","max-video-preview":"max-video-preview:-1"},"canonical":"https:\/\/aohq.366technology.com\/en\/definition-hae\/genetic-disease\/","og_locale":"en_US","og_type":"article","og_title":"Genetic Disease - Angio-oed\u00e8me H\u00e9r\u00e9ditaire du Qu\u00e9bec","og_description":"[vc_row][vc_column][vc_column_text] What is Hereditary Angioedema? Hereditary angioedema (HAE) is a poorly known inherited disorder that can cause significant swelling in different parts of the body, such as the abdomen and face. Depending on the severity of the disease, some individuals will experience multiple crisis, while others will see months or even years pass without experiencing&hellip; Read&nbsp;MoreEn&nbsp;savoir&nbsp;plus","og_url":"https:\/\/aohq.366technology.com\/en\/definition-hae\/genetic-disease\/","og_site_name":"Angio-oed\u00e8me H\u00e9r\u00e9ditaire du Qu\u00e9bec","article_publisher":"https:\/\/www.facebook.com\/aohquebec\/","article_modified_time":"2018-05-10T15:26:25+00:00","og_image":[{"width":1200,"height":630,"url":"https:\/\/aohq.366technology.com\/wp-content\/uploads\/2018\/02\/logo-aoh-final2016-4.png","type":"image\/png"}],"twitter_card":"summary_large_image","twitter_site":"@aoh_quebec","twitter_misc":{"Est. reading time":"2 minutes"},"schema":{"@context":"https:\/\/schema.org","@graph":[{"@type":"WebPage","@id":"https:\/\/aohq.366technology.com\/en\/definition-hae\/genetic-disease\/","url":"https:\/\/aohq.366technology.com\/en\/definition-hae\/genetic-disease\/","name":"Genetic Disease - Angio-oed\u00e8me H\u00e9r\u00e9ditaire du Qu\u00e9bec","isPartOf":{"@id":"https:\/\/aohq.366technology.com\/#website"},"primaryImageOfPage":{"@id":"https:\/\/aohq.366technology.com\/en\/definition-hae\/genetic-disease\/#primaryimage"},"image":{"@id":"https:\/\/aohq.366technology.com\/en\/definition-hae\/genetic-disease\/#primaryimage"},"thumbnailUrl":"http:\/\/powerme.ca\/wp-content\/uploads\/2017\/11\/iStock-627477962-3-1-300x240.jpg","datePublished":"2017-11-07T13:56:02+00:00","dateModified":"2018-05-10T15:26:25+00:00","breadcrumb":{"@id":"https:\/\/aohq.366technology.com\/en\/definition-hae\/genetic-disease\/#breadcrumb"},"inLanguage":"en-US","potentialAction":[{"@type":"ReadAction","target":["https:\/\/aohq.366technology.com\/en\/definition-hae\/genetic-disease\/"]}]},{"@type":"ImageObject","inLanguage":"en-US","@id":"https:\/\/aohq.366technology.com\/en\/definition-hae\/genetic-disease\/#primaryimage","url":"http:\/\/powerme.ca\/wp-content\/uploads\/2017\/11\/iStock-627477962-3-1-300x240.jpg","contentUrl":"http:\/\/powerme.ca\/wp-content\/uploads\/2017\/11\/iStock-627477962-3-1-300x240.jpg"},{"@type":"BreadcrumbList","@id":"https:\/\/aohq.366technology.com\/en\/definition-hae\/genetic-disease\/#breadcrumb","itemListElement":[{"@type":"ListItem","position":1,"name":"Home","item":"https:\/\/aohq.366technology.com\/en\/"},{"@type":"ListItem","position":2,"name":"Definition of HAE","item":"https:\/\/aohq.366technology.com\/en\/definition-hae\/"},{"@type":"ListItem","position":3,"name":"Genetic Disease"}]},{"@type":"WebSite","@id":"https:\/\/aohq.366technology.com\/#website","url":"https:\/\/aohq.366technology.com\/","name":"Angio-oed\u00e8me H\u00e9r\u00e9ditaire du Qu\u00e9bec","description":"Angio-oed\u00e8me H\u00e9r\u00e9ditaire du Qu\u00e9bec","publisher":{"@id":"https:\/\/aohq.366technology.com\/#organization"},"potentialAction":[{"@type":"SearchAction","target":{"@type":"EntryPoint","urlTemplate":"https:\/\/aohq.366technology.com\/?s={search_term_string}"},"query-input":"required name=search_term_string"}],"inLanguage":"en-US"},{"@type":"Organization","@id":"https:\/\/aohq.366technology.com\/#organization","name":"Angio-oed\u00e8me H\u00e9r\u00e9ditaire du Qu\u00e9bec","url":"https:\/\/aohq.366technology.com\/","logo":{"@type":"ImageObject","inLanguage":"en-US","@id":"https:\/\/aohq.366technology.com\/#\/schema\/logo\/image\/","url":"https:\/\/aohq.366technology.com\/wp-content\/uploads\/2019\/06\/AOH-icon_3.png","contentUrl":"https:\/\/aohq.366technology.com\/wp-content\/uploads\/2019\/06\/AOH-icon_3.png","width":116,"height":63,"caption":"Angio-oed\u00e8me H\u00e9r\u00e9ditaire du Qu\u00e9bec"},"image":{"@id":"https:\/\/aohq.366technology.com\/#\/schema\/logo\/image\/"},"sameAs":["https:\/\/www.facebook.com\/aohquebec\/","https:\/\/x.com\/aoh_quebec","https:\/\/www.linkedin.com\/in\/charles-st-pierre-3280aa140\/","https:\/\/www.youtube.com\/channel\/UCErz6mzQo7Qat9YLNFdg-xw"]}]}},"_links":{"self":[{"href":"https:\/\/aohq.366technology.com\/en\/wp-json\/wp\/v2\/pages\/2031"}],"collection":[{"href":"https:\/\/aohq.366technology.com\/en\/wp-json\/wp\/v2\/pages"}],"about":[{"href":"https:\/\/aohq.366technology.com\/en\/wp-json\/wp\/v2\/types\/page"}],"author":[{"embeddable":true,"href":"https:\/\/aohq.366technology.com\/en\/wp-json\/wp\/v2\/users\/1"}],"replies":[{"embeddable":true,"href":"https:\/\/aohq.366technology.com\/en\/wp-json\/wp\/v2\/comments?post=2031"}],"version-history":[{"count":0,"href":"https:\/\/aohq.366technology.com\/en\/wp-json\/wp\/v2\/pages\/2031\/revisions"}],"up":[{"embeddable":true,"href":"https:\/\/aohq.366technology.com\/en\/wp-json\/wp\/v2\/pages\/2027"}],"wp:attachment":[{"href":"https:\/\/aohq.366technology.com\/en\/wp-json\/wp\/v2\/media?parent=2031"}],"curies":[{"name":"wp","href":"https:\/\/api.w.org\/{rel}","templated":true}]}}